{"id":13659,"date":"2021-11-05T12:28:14","date_gmt":"2021-11-05T12:28:14","guid":{"rendered":"https:\/\/nahastkasitoo.ee\/?page_id=13659"},"modified":"2021-11-05T12:29:19","modified_gmt":"2021-11-05T12:29:19","slug":"transport","status":"publish","type":"page","link":"https:\/\/www.nahastkasitoo.ee\/en\/transport\/","title":{"rendered":"Transport"},"content":{"rendered":"\n<p>Toodete kohaletoimetamine ja \u00fcleandmine<br>Tellimuse vormistamisel saab valida sobiva kohaletoimetamisviisi:&nbsp;<br>1.&nbsp;Eesti<br>1.1.&nbsp;Itella&nbsp;SmartPost&nbsp;\u2013 tellimused toimetatakse Tellija poolt tellimuse vormistamisel valitud pakiautomaadi asukohta. Kauba maksumusele lisandub transporditasu 3,30 eurot \u00fche ostu kohta. Kauba l\u00e4hetuse kohta saab Tellija teate oma elektronposti aadressile. Kaupade kohaletoimetamine pakiautomaati toimub 3 t\u00f6\u00f6p\u00e4eva jooksul alates raha laekumisest M\u00fc\u00fcja pangakontole. Kauba saabudes saadetakse Tellijale elektroonilise teavitus (SMSi ja\/v\u00f5i e-posti teel) uksekoodiga, mille alusel ta paki pakiautomaadist k\u00e4tte saab.<\/p>\n\n\n\n<p><br>1.2.&nbsp;Omniva pakiautomaat\u2013 tellimused toimetatakse Tellija poolt tellimuse vormistamisel valitud pakiautomaadi asukohta. Kauba maksumusele lisandub transporditasu 3,30 eurot \u00fche ostu kohta. Kauba l\u00e4hetuse kohta saab Tellija teate oma elektronposti aadressile. Kaupade kohaletoimetamine pakiautomaati toimub 3 t\u00f6\u00f6p\u00e4eva jooksul alates raha laekumisest M\u00fc\u00fcja pangakontole. Kauba saabudes saadetakse Tellijale elektroonilise teavitus (SMSi ja\/v\u00f5i e-posti teel) uksekoodiga, mille alusel ta paki pakiautomaadist k\u00e4tte saab.<\/p>\n\n\n\n<p><br>1.3.\u00a0Omniva kuller\u00a0\u2013 tellimused toimetatakse tellimuses m\u00e4rgitud aadressile kulleri poolt. Kauba maksumusele lisandub transporditasu 8,50 eurot \u00fche ostu kohta. Kauba l\u00e4hetuse kohta saab Tellija teate oma elektronposti aadressile. Kohaletoimetamise aja kokku leppimiseks v\u00f5tab kuller Tellijaga \u00fchendust tellimuse vormistamisel teatatud kontakttelefoni teel. Kaupade kohaletoimetamine toimub 7 t\u00f6\u00f6p\u00e4eva jooksul alates raha laekumisest M\u00fc\u00fcja pangakontole. K\u00f5ik saadetised on kindlustatud Tellijale \u00fcleandmise hetkeni. Tooted antakse kulleri poolt Tellijale \u00fcle koos saatelehega. Enne saatelehe allkirjastamist on soovitav Tellijal toodete pakend \u00fcle vaadata ja selle v\u00e4liste vigastuste korral m\u00e4rkida kulleri saatelehele sellekohane m\u00e4rkus. Kui Tellija soovib asendada kullerfirma poolt vigastatud pakendiga toote, siis teatab Tellija sellest elektronposti aadressil <a href=\"mailto:kayeleathergoods@gmail.com\" data-type=\"mailto\" data-id=\"mailto:kayeleathergoods@gmail.com\">kayeleathergoods@gmail.com<\/a>\u00a0v\u00f5i M\u00fc\u00fcja kontakttelefonil +372 5566 0207<\/p>\n\n\n\n<p><br>2.&nbsp;L\u00e4ti<br>2.1.&nbsp;Omniva pakiautomaat\u2013 tellimused toimetatakse Tellija poolt tellimuse vormistamisel valitud pakiautomaadi asukohta. Kauba maksumusele lisandub transporditasu 3,30 eurot \u00fche ostu kohta. Kauba l\u00e4hetuse kohta saab Tellija teate oma elektronposti aadressile. Kaupade kohaletoimetamine pakiautomaati toimub 12 t\u00f6\u00f6p\u00e4eva jooksul alates raha laekumisest M\u00fc\u00fcja pangakontole. Kauba saabudes saadetakse Tellijale elektroonilise teavitus (SMSi ja\/v\u00f5i e-posti teel) uksekoodiga, mille alusel ta paki pakiautomaadist k\u00e4tte saab.<\/p>\n\n\n\n<p><br>2.2.\u00a0Omniva kuller (Baltic)\u00a0\u2013 \u00a0tellimused toimetatakse tellimuses m\u00e4rgitud aadressile kulleri poolt. Kauba maksumusele lisandub transporditasu 4,90 eurot \u00fche ostu kohta. Kauba l\u00e4hetuse kohta saab Tellija teate oma elektronposti aadressile. Kohaletoimetamise aja kokku leppimiseks v\u00f5tab kuller Tellijaga \u00fchendust tellimuse vormistamisel teatatud kontakttelefoni teel. Kaupade kohaletoimetamine toimub 12 t\u00f6\u00f6p\u00e4eva jooksul alates raha laekumisest M\u00fc\u00fcja pangakontole. K\u00f5ik saadetised on kindlustatud Tellijale \u00fcleandmise hetkeni. Tellitud kaupade \u00fcleandmine toimub vaid tellimuses m\u00e4rgitud isikule isikut t\u00f5endava dokumendi esitamisel. Tooted antakse kulleri poolt Tellijale \u00fcle koos saatelehega. Enne saatelehe allkirjastamist on soovitav Tellijal toodete pakend \u00fcle vaadata ja selle v\u00e4liste vigastuste korral m\u00e4rkida kulleri saatelehele sellekohane m\u00e4rkus. Kui Tellija soovib asendada kullerfirma poolt vigastatud pakendiga toote, siis teatab Tellija sellest elektronposti aadressil\u00a0<a href=\"mailto:kayeleathergoods@gmail.com\" data-type=\"mailto\" data-id=\"mailto:kayeleathergoods@gmail.com\">kayeleathergoods@gmail.com<\/a> v\u00f5i M\u00fc\u00fcja kontakttelefonil +372 5566 0207<\/p>\n\n\n\n<p><br>3.\u00a0Leedu<br>3.1.\u00a0Omniva kuller (Baltic)\u00a0\u2013 \u00a0tellimused toimetatakse tellimuses m\u00e4rgitud aadressile kulleri poolt. Kauba maksumusele lisandub transporditasu 11,90 eurot \u00fche ostu kohta. Kauba l\u00e4hetuse kohta saab Tellija teate oma elektronposti aadressile. Kohaletoimetamise aja kokku leppimiseks v\u00f5tab kuller Tellijaga \u00fchendust tellimuse vormistamisel teatatud kontakttelefoni teel. Kaupade kohaletoimetamine toimub 12 t\u00f6\u00f6p\u00e4eva jooksul alates raha laekumisest M\u00fc\u00fcja pangakontole. K\u00f5ik saadetised on kindlustatud Tellijale \u00fcleandmise hetkeni. Tellitud kaupade \u00fcleandmine toimub vaid tellimuses m\u00e4rgitud isikule isikut t\u00f5endava dokumendi esitamisel. Tooted antakse kulleri poolt Tellijale \u00fcle koos saatelehega. Enne saatelehe allkirjastamist on soovitav Tellijal toodete pakend \u00fcle vaadata ja selle v\u00e4liste vigastuste korral m\u00e4rkida kulleri saatelehele sellekohane m\u00e4rkus. Kui Tellija soovib asendada kullerfirma poolt vigastatud pakendiga toote, siis teatab Tellija sellest elektronposti aadressil\u00a0<a href=\"mailto:kayeleathergoods@gmail.com\" data-type=\"mailto\" data-id=\"mailto:kayeleathergoods@gmail.com\">kayeleathergoods@gmail.com<\/a>\u00a0v\u00f5i M\u00fc\u00fcja kontakttelefonil +372 5566 0207<\/p>\n\n\n\n<p><br>4.&nbsp;Soome<br>4.1.&nbsp;Itella postipakk (Economy)&nbsp;\u2013 &nbsp;tellimused toimetatakse tellimuses m\u00e4rgitud aadressile l\u00e4himasse postkontorisse. Kauba maksumusele lisandub transporditasu 13,90 eurot \u00fche ostu kohta. Kaupade kohaletoimetamine toimub 14 t\u00f6\u00f6p\u00e4eva jooksul alates raha laekumisest M\u00fc\u00fcja pangakontole. Kauba saabumise kohta saadetakse Tellijale postkontorist teade.<\/p>\n\n\n\n<p><br>4.2.&nbsp;Itella SmartPost&nbsp;\u2013 tellimused toimetatakse Tellija poolt tellimuse vormistamisel valitud pakiautomaadi asukohta. Kauba maksumusele lisandub transporditasu 14,00 eurot \u00fche ostu kohta. Kauba l\u00e4hetuse kohta saab Tellija teate oma elektronposti aadressile. Kaupade kohaletoimetamine pakiautomaati toimub 14 t\u00f6\u00f6p\u00e4eva jooksul alates raha laekumisest M\u00fc\u00fcja pangakontole. Kauba saabudes saadetakse Tellijale elektroonilise teavitus (SMSi ja\/v\u00f5i e-posti teel) uksekoodiga, mille alusel ta paki pakiautomaadist k\u00e4tte saab.<\/p>\n\n\n\n<p><br>4.3.&nbsp;Itella kuller (Express Flex)&nbsp;\u2013 tellimused toimetatakse tellimuses m\u00e4rgitud aadressile kulleri poolt. Kauba maksumusele lisandub transporditasu 20,00 eurot \u00fche ostu kohta. Kauba l\u00e4hetuse kohta saab Tellija teate oma elektronposti aadressile. Kaupade kohaletoimetamine toimub 12 t\u00f6\u00f6p\u00e4eva jooksul alates raha laekumisest M\u00fc\u00fcja pangakontole. Kohaletoimetamise aja kokku leppimiseks v\u00f5tab kuller Tellijaga \u00fchendust tellimuse vormistamisel teatatud kontakttelefoni teel.<\/p>\n\n\n\n<p><br>5.&nbsp;Teised riigid<br>5.1.&nbsp;Omniva postipakk&nbsp;&#8211; Tellimused toimetatakse tellimuses m\u00e4rgitud aadressile vastavasse asukohaj\u00e4rgsesse postkontorisse. Kaupade kohaletoimetamine toimub 14 t\u00f6\u00f6p\u00e4eva jooksul alates raha laekumisest m\u00fc\u00fcja pangakontole. Paki saabumise kohta saadetakse Teile postkontorist teade.<br>16.99 \u20ac &#8211; Austria, Belgia, Holland, Luksemburg, Poola, Rootsi, Saksamaa, Sloveenia, Taani, T\u0161ehhi, Ungari<br>23.99 \u20ac &#8211; Albaania, Al\u017eeeria, Ameerika \u00dchendriigid, Armeenia, Aserbaid\u017eaani, Bosnia ja Hertsegoviina, Bulgaaria, Gibraltar, Hispaania, Horvaatia, Iirimaa, Iisrael, Itaalia, Jaapan, Kanada, Kasahstan, Kreeka, K\u00fcpros, Makedoonia, Malta, Moldova, Montenegro, Panama, Portugali, Prantsusmaa, Rumeenia, Slovaki Vabariik, Suurbritannia, P\u00f5hja-Iirimaa, T\u00fcrgi, Ukraina, Valgevene, Vatikan<br>31.99 \u20ac &#8211; Island, Liechtenstein, Norra, \u0160veits<br>36.99 \u20ac &#8211; Austraalia, Brasiilia, Gruusia, Hiina, Hong Kong (Hiina), India, Korea, L\u00f5una-Aafrika Vabariik, Serbia, Taiwan, Uus-Meremaa, Venemaa<\/p>\n\n\n\n<p><br>5.2.&nbsp;Omniva kuller Euroopa<br>Tellimused toimetatakse tellimuses m\u00e4rgitud aadressile kulleri poolt. Kauba l\u00e4hetuse kohta saate teate e-kirjaga.<br>Kaupade kohaletoimetamine toimub 14 t\u00f6\u00f6p\u00e4eva jooksul alates raha laekumisest m\u00fc\u00fcja pangakontole. Kohaletoimetamise aja kokkuleppimiseks v\u00f5tab kuller Teiega \u00fchendust telefoni teel.<br>22.99 \u20ac &#8211; Belgia, Poola, Rootsi, Rumeenia, Taani, Tsehhi<br>24.99 \u20ac &#8211; Austria, Holland, Horvaatia, Iirimaa, Luksemburg, Malta, Saksamaa, Ungari<br>27.99 \u20ac &#8211; Hispaania, Itaalia, Kreeka, Portugal, Prantsusmaa, Slovakkia, Sloveenia, Suurbritannia<br>33.99 \u20ac &#8211; Island, Norra, \u0160veits<\/p>\n\n\n\n<p>Tellimuse vormistamisel on soovitav kontrollida esitatavate kontaktandmete \u00f5igsust v\u00e4ltimaks viivitusi ja arusaamatusi toodete kohaletoimetamisel. M\u00fc\u00fcja ja kullerfirma ei vastuta toodete kohaletoimetamise viivituse ja tekkinud arusaamatuste eest juhul, kui viivitus v\u00f5i arusaamatus on tingitud Tellija poolt tellimuse vormistamisel esitatud andmete ebat\u00e4psusest v\u00f5i eba\u00f5igsusest.<\/p>\n\n\n\n<p>E-poes kuvatud tooted on tavaliselt laos olemas. Kui toode puudub laost ja tellimust ei ole v\u00f5imalik t\u00e4ita, siis teatab M\u00fc\u00fcja sellest Tellijale kontakttelefoni v\u00f5i elektronposti teel kahe t\u00f6\u00f6p\u00e4eva jooksul arvates Lepingu j\u00f5ustumisest ning pakub v\u00e4lja v\u00f5imaliku uue tarneaja v\u00f5i toote asendamise samav\u00e4\u00e4rse teise tootega, mis on sama hinna ja kvaliteediga. Kui Tellija ei soovi uut v\u00f5i asendustoodet, siis tagastatakse Tellija poolt tasutud summa (koos transpordi maksumusega) hiljemalt 14 p\u00e4eva jooksul.<\/p>\n\n\n\n<p>Tolli- ja impordimaksud<br>Kauba saatmisel v\u00f5ivad lisanduda mitmesugused tolli- ja impordimaksud, mis tuleb tasuda paki sihtriiki saabumisel. Need maksud tasub paki k\u00e4ttesaaja. Kuna maksu- ja tollipoliitika v\u00f5ib eri riikides suuresti varieeruda, siis palume teil t\u00e4iendava informatsiooni saamiseks p\u00f6\u00f6rduda kohaliku tolli- v\u00f5i maksuameti esinduse poole.<\/p>\n","protected":false},"excerpt":{"rendered":"Toodete kohaletoimetamine ja \u00fcleandmineTellimuse vormistamisel saab valida sobiva kohaletoimetamisviisi:&nbsp;1.&nbsp;Eesti1.1.&nbsp;Itella&nbsp;SmartPost&nbsp;\u2013 tellimused toimetatakse Tellija poolt tellimuse vormistamisel valitud pakiautomaadi asukohta. Kauba maksumusele lisandub transporditasu 3,30 eurot \u00fche ostu kohta. Kauba l\u00e4hetuse kohta saab Tellija teate oma elektronposti aadressile. Kaupade kohaletoimetamine pakiautomaati toimub&#8230;","protected":false},"author":4,"featured_media":0,"parent":0,"menu_order":0,"comment_status":"closed","ping_status":"closed","template":"","meta":{"footnotes":""},"class_list":["post-13659","page","type-page","status-publish","hentry"],"yoast_head":"<!-- This site is optimized with the Yoast SEO plugin v27.4 - https:\/\/yoast.com\/product\/yoast-seo-wordpress\/ -->\n<title>Transport - Kaye Leather Goods<\/title>\n<meta name=\"robots\" content=\"index, follow, max-snippet:-1, max-image-preview:large, max-video-preview:-1\" \/>\n<link rel=\"canonical\" href=\"https:\/\/www.nahastkasitoo.ee\/en\/transport\/\" \/>\n<meta property=\"og:locale\" content=\"en_US\" \/>\n<meta property=\"og:locale:alternate\" content=\"et\" \/>\n<meta property=\"og:type\" content=\"article\" \/>\n<meta property=\"og:title\" content=\"Transport - Kaye Leather Goods\" \/>\n<meta property=\"og:description\" content=\"Toodete kohaletoimetamine ja \u00fcleandmineTellimuse vormistamisel saab valida sobiva kohaletoimetamisviisi:&nbsp;1.&nbsp;Eesti1.1.&nbsp;Itella&nbsp;SmartPost&nbsp;\u2013 tellimused toimetatakse Tellija poolt tellimuse vormistamisel valitud pakiautomaadi asukohta. Kauba maksumusele lisandub transporditasu 3,30 eurot \u00fche ostu kohta. Kauba l\u00e4hetuse kohta saab Tellija teate oma elektronposti aadressile. Kaupade kohaletoimetamine pakiautomaati toimub...\" \/>\n<meta property=\"og:url\" content=\"https:\/\/www.nahastkasitoo.ee\/en\/transport\/\" \/>\n<meta property=\"og:site_name\" content=\"Kaye Leather Goods\" \/>\n<meta property=\"article:modified_time\" content=\"2021-11-05T12:29:19+00:00\" \/>\n<meta name=\"twitter:card\" content=\"summary_large_image\" \/>\n<meta name=\"twitter:label1\" content=\"Est. reading time\" \/>\n\t<meta name=\"twitter:data1\" content=\"6 minutes\" \/>\n<script type=\"application\/ld+json\" class=\"yoast-schema-graph\">{\"@context\":\"https:\\\/\\\/schema.org\",\"@graph\":[{\"@type\":\"WebPage\",\"@id\":\"https:\\\/\\\/www.nahastkasitoo.ee\\\/transport\\\/\",\"url\":\"https:\\\/\\\/www.nahastkasitoo.ee\\\/transport\\\/\",\"name\":\"Transport - Kaye Leather Goods\",\"isPartOf\":{\"@id\":\"https:\\\/\\\/nahastkasitoo.ee\\\/#website\"},\"datePublished\":\"2021-11-05T12:28:14+00:00\",\"dateModified\":\"2021-11-05T12:29:19+00:00\",\"breadcrumb\":{\"@id\":\"https:\\\/\\\/www.nahastkasitoo.ee\\\/transport\\\/#breadcrumb\"},\"inLanguage\":\"en-US\",\"potentialAction\":[{\"@type\":\"ReadAction\",\"target\":[\"https:\\\/\\\/www.nahastkasitoo.ee\\\/transport\\\/\"]}]},{\"@type\":\"BreadcrumbList\",\"@id\":\"https:\\\/\\\/www.nahastkasitoo.ee\\\/transport\\\/#breadcrumb\",\"itemListElement\":[{\"@type\":\"ListItem\",\"position\":1,\"name\":\"Home\",\"item\":\"https:\\\/\\\/nahastkasitoo.ee\\\/\"},{\"@type\":\"ListItem\",\"position\":2,\"name\":\"Transport\"}]},{\"@type\":\"WebSite\",\"@id\":\"https:\\\/\\\/nahastkasitoo.ee\\\/#website\",\"url\":\"https:\\\/\\\/nahastkasitoo.ee\\\/\",\"name\":\"Kaye Leather Goods\",\"description\":\"Eestimaine nahastk\u00e4sit\u00f6\u00f6\",\"publisher\":{\"@id\":\"https:\\\/\\\/nahastkasitoo.ee\\\/#organization\"},\"potentialAction\":[{\"@type\":\"SearchAction\",\"target\":{\"@type\":\"EntryPoint\",\"urlTemplate\":\"https:\\\/\\\/nahastkasitoo.ee\\\/?s={search_term_string}\"},\"query-input\":{\"@type\":\"PropertyValueSpecification\",\"valueRequired\":true,\"valueName\":\"search_term_string\"}}],\"inLanguage\":\"en-US\"},{\"@type\":\"Organization\",\"@id\":\"https:\\\/\\\/nahastkasitoo.ee\\\/#organization\",\"name\":\"Nahast k\u00e4sit\u00f6\u00f6\",\"url\":\"https:\\\/\\\/nahastkasitoo.ee\\\/\",\"logo\":{\"@type\":\"ImageObject\",\"inLanguage\":\"en-US\",\"@id\":\"https:\\\/\\\/nahastkasitoo.ee\\\/#\\\/schema\\\/logo\\\/image\\\/\",\"url\":\"https:\\\/\\\/i0.wp.com\\\/nahastkasitoo.ee\\\/wp-content\\\/uploads\\\/2020\\\/06\\\/KayeLeatherGoods-poe-logo-labipaistev.png?fit=1500%2C1500&ssl=1\",\"contentUrl\":\"https:\\\/\\\/i0.wp.com\\\/nahastkasitoo.ee\\\/wp-content\\\/uploads\\\/2020\\\/06\\\/KayeLeatherGoods-poe-logo-labipaistev.png?fit=1500%2C1500&ssl=1\",\"width\":1500,\"height\":1500,\"caption\":\"Nahast k\u00e4sit\u00f6\u00f6\"},\"image\":{\"@id\":\"https:\\\/\\\/nahastkasitoo.ee\\\/#\\\/schema\\\/logo\\\/image\\\/\"}}]}<\/script>\n<!-- \/ Yoast SEO plugin. -->","yoast_head_json":{"title":"Transport - Kaye Leather Goods","robots":{"index":"index","follow":"follow","max-snippet":"max-snippet:-1","max-image-preview":"max-image-preview:large","max-video-preview":"max-video-preview:-1"},"canonical":"https:\/\/www.nahastkasitoo.ee\/en\/transport\/","og_locale":"en_US","og_type":"article","og_title":"Transport - Kaye Leather Goods","og_description":"Toodete kohaletoimetamine ja \u00fcleandmineTellimuse vormistamisel saab valida sobiva kohaletoimetamisviisi:&nbsp;1.&nbsp;Eesti1.1.&nbsp;Itella&nbsp;SmartPost&nbsp;\u2013 tellimused toimetatakse Tellija poolt tellimuse vormistamisel valitud pakiautomaadi asukohta. Kauba maksumusele lisandub transporditasu 3,30 eurot \u00fche ostu kohta. Kauba l\u00e4hetuse kohta saab Tellija teate oma elektronposti aadressile. Kaupade kohaletoimetamine pakiautomaati toimub...","og_url":"https:\/\/www.nahastkasitoo.ee\/en\/transport\/","og_site_name":"Kaye Leather Goods","article_modified_time":"2021-11-05T12:29:19+00:00","twitter_card":"summary_large_image","twitter_misc":{"Est. reading time":"6 minutes"},"schema":{"@context":"https:\/\/schema.org","@graph":[{"@type":"WebPage","@id":"https:\/\/www.nahastkasitoo.ee\/transport\/","url":"https:\/\/www.nahastkasitoo.ee\/transport\/","name":"Transport - Kaye Leather Goods","isPartOf":{"@id":"https:\/\/nahastkasitoo.ee\/#website"},"datePublished":"2021-11-05T12:28:14+00:00","dateModified":"2021-11-05T12:29:19+00:00","breadcrumb":{"@id":"https:\/\/www.nahastkasitoo.ee\/transport\/#breadcrumb"},"inLanguage":"en-US","potentialAction":[{"@type":"ReadAction","target":["https:\/\/www.nahastkasitoo.ee\/transport\/"]}]},{"@type":"BreadcrumbList","@id":"https:\/\/www.nahastkasitoo.ee\/transport\/#breadcrumb","itemListElement":[{"@type":"ListItem","position":1,"name":"Home","item":"https:\/\/nahastkasitoo.ee\/"},{"@type":"ListItem","position":2,"name":"Transport"}]},{"@type":"WebSite","@id":"https:\/\/nahastkasitoo.ee\/#website","url":"https:\/\/nahastkasitoo.ee\/","name":"Kaye Leather Goods","description":"Eestimaine nahastk\u00e4sit\u00f6\u00f6","publisher":{"@id":"https:\/\/nahastkasitoo.ee\/#organization"},"potentialAction":[{"@type":"SearchAction","target":{"@type":"EntryPoint","urlTemplate":"https:\/\/nahastkasitoo.ee\/?s={search_term_string}"},"query-input":{"@type":"PropertyValueSpecification","valueRequired":true,"valueName":"search_term_string"}}],"inLanguage":"en-US"},{"@type":"Organization","@id":"https:\/\/nahastkasitoo.ee\/#organization","name":"Nahast k\u00e4sit\u00f6\u00f6","url":"https:\/\/nahastkasitoo.ee\/","logo":{"@type":"ImageObject","inLanguage":"en-US","@id":"https:\/\/nahastkasitoo.ee\/#\/schema\/logo\/image\/","url":"https:\/\/i0.wp.com\/nahastkasitoo.ee\/wp-content\/uploads\/2020\/06\/KayeLeatherGoods-poe-logo-labipaistev.png?fit=1500%2C1500&ssl=1","contentUrl":"https:\/\/i0.wp.com\/nahastkasitoo.ee\/wp-content\/uploads\/2020\/06\/KayeLeatherGoods-poe-logo-labipaistev.png?fit=1500%2C1500&ssl=1","width":1500,"height":1500,"caption":"Nahast k\u00e4sit\u00f6\u00f6"},"image":{"@id":"https:\/\/nahastkasitoo.ee\/#\/schema\/logo\/image\/"}}]}},"jetpack_sharing_enabled":true,"_links":{"self":[{"href":"https:\/\/www.nahastkasitoo.ee\/en\/wp-json\/wp\/v2\/pages\/13659","targetHints":{"allow":["GET"]}}],"collection":[{"href":"https:\/\/www.nahastkasitoo.ee\/en\/wp-json\/wp\/v2\/pages"}],"about":[{"href":"https:\/\/www.nahastkasitoo.ee\/en\/wp-json\/wp\/v2\/types\/page"}],"author":[{"embeddable":true,"href":"https:\/\/www.nahastkasitoo.ee\/en\/wp-json\/wp\/v2\/users\/4"}],"replies":[{"embeddable":true,"href":"https:\/\/www.nahastkasitoo.ee\/en\/wp-json\/wp\/v2\/comments?post=13659"}],"version-history":[{"count":2,"href":"https:\/\/www.nahastkasitoo.ee\/en\/wp-json\/wp\/v2\/pages\/13659\/revisions"}],"predecessor-version":[{"id":13661,"href":"https:\/\/www.nahastkasitoo.ee\/en\/wp-json\/wp\/v2\/pages\/13659\/revisions\/13661"}],"wp:attachment":[{"href":"https:\/\/www.nahastkasitoo.ee\/en\/wp-json\/wp\/v2\/media?parent=13659"}],"curies":[{"name":"wp","href":"https:\/\/api.w.org\/{rel}","templated":true}]}}