{"id":3,"date":"2021-09-27T08:16:15","date_gmt":"2021-09-27T08:16:15","guid":{"rendered":"https:\/\/nahastkasitoo.ee\/?page_id=3"},"modified":"2021-11-19T10:14:56","modified_gmt":"2021-11-19T10:14:56","slug":"privaatsuspoliitika","status":"publish","type":"page","link":"https:\/\/www.nahastkasitoo.ee\/en\/privaatsuspoliitika\/","title":{"rendered":"Privaatsuspoliitika"},"content":{"rendered":"\n<p><strong>Privaatsuspoliitika<\/strong><\/p>\n\n\n\n<ul class=\"wp-block-list\"><li>K\u00e4esolev privaatsuspoliitika reguleerib isikuandmete kogumist, t\u00f6\u00f6tlemist ja s\u00e4ilitamist k\u00e4sitlevaid p\u00f5him\u00f5tteid.<\/li><li>E-poe <a href=\"\/C:\/Users\/Kaie\/OneDrive\/Pildid\/Kaye%20Leather%20Goods\/htpps\">htpps:\/\/www.nahastkasitoo.ee<\/a> isikuandmeid kogub, t\u00f6\u00f6tleb ja s\u00e4ilitab isikuandmete vastutav t\u00f6\u00f6tleja Nahksekk O\u00dc (registrikood 14362480), Pargi tn 24-19 J\u00f5geva linn, J\u00f5geva vald, J\u00f5geva maakond 48303, e-post: <a href=\"mailto:kayeleathergoods@gmail.com\">kayeleathergoods<\/a><a href=\"mailto:kayeleathergoods@gmail.com\">@gmail.com<\/a>, tel: +372 5566 0207 (edaspidi andmet\u00f6\u00f6tleja) ja kes edastab maksete teostamiseks vajalikud isikuandmed volitatud t\u00f6\u00f6tleja Maksekeskus AS-ile.<\/li><li>Andmesubjekt privaatsuspoliitika t\u00e4henduses on Klient v\u00f5i muu f\u00fc\u00fcsiline isik, kelle isikuandmeid andmet\u00f6\u00f6tleja t\u00f6\u00f6tleb.<\/li><li>Klient privaatsuspoliitika t\u00e4henduses on iga\u00fcks, kes ostab andmet\u00f6\u00f6tleja kodulehelt kaupu v\u00f5i teenuseid.<\/li><li>Andmet\u00f6\u00f6tleja j\u00e4rgib \u00f5igusaktides s\u00e4testatud andmete t\u00f6\u00f6tlemise p\u00f5him\u00f5tteid, muuhulgas t\u00f6\u00f6tleb andmet\u00f6\u00f6tleja isikuandmeid seaduslikult, \u00f5iglaselt ja turvaliselt.<\/li><li>Andmet\u00f6\u00f6tleja on v\u00f5imeline kinnitama, et isikuandmeid on t\u00f6\u00f6deldud vastavalt \u00f5igusaktides s\u00e4testatule.<\/li><li>Andmet\u00f6\u00f6tlejal on \u00f5igus andmekaitsetingimusi osaliselt v\u00f5i t\u00e4ielikult muuta, teavitades andmesubjekte muudatustest kodulehe <a href=\"https:\/\/www.nahastkasitoo.ee\/\">https:\/\/www.nahastkasitoo.ee<\/a> kaudu.<\/li><\/ul>\n\n\n\n<p><strong>Isikuandmete kogumine, t\u00f6\u00f6tlemine ja s\u00e4ilitamine<\/strong><\/p>\n\n\n\n<ul class=\"wp-block-list\"><li>Isikuandmed, mida andmet\u00f6\u00f6tleja kogub, t\u00f6\u00f6tleb ja s\u00e4ilitab, on kogutud elektrooniliselt, peamiselt kodulehe ja e-posti vahendusel<\/li><li>Oma isikuandmete jagamisega annab Klient andmet\u00f6\u00f6tlejale \u00f5iguse koguda, korraldada, kasutada ja hallata privaatsuspoliitikas m\u00e4\u00e4ratletud eesm\u00e4rgil isikuandmeid, mida Klient otse v\u00f5i kaudselt kodulehel kaupu v\u00f5i teenuseid ostes andmet\u00f6\u00f6tlejale jagab.<\/li><li>Klient vastutab selle eest, et tema poolt esitatud andmed oleksid t\u00e4psed, \u00f5iged ja terviklikud. Teadlikult valeandmete esitamist peetakse privaatsuspoliitika rikkumiseks. Klient on kohustatud andmet\u00f6\u00f6tlejat viivitamatult teavitama esitatud andmete muutumisest.<\/li><li>Andmet\u00f6\u00f6tleja ei vastuta Kliendi poolt valeandmete esitamisest p\u00f5hjustatud kahju eest Kliendile v\u00f5i kolmandatele osapooltele.<\/li><\/ul>\n\n\n\n<p><strong>Milliseid isikuandmeid t\u00f6\u00f6deldakse<\/strong><\/p>\n\n\n\n<ul class=\"wp-block-list\"><li>Ees- ja perekonnanimi<\/li><li>S\u00fcnnikuup\u00e4ev<\/li><li>Telefoninumber<\/li><li>E-posti aadress<\/li><li>Kohaletoimetamise aadress<\/li><li>Arvelduskonto number<\/li><li>Maksekaardi detailid<\/li><li>Kaupade ja teenuste maksumus ja maksetega seotud andmed (ostuajalugu)<\/li><li>Klienditoe andmed<\/li><\/ul>\n\n\n\n<p><strong>Mis eesm\u00e4rgil isikuandmeid t\u00f6\u00f6deldakse<\/strong><\/p>\n\n\n\n<ul class=\"wp-block-list\"><li>Isikuandmeid kasutatakse Kliendi tellimuste haldamiseks ja kauba kohaletoimetamiseks.<\/li><li>Ostuajaloo andmeid (ostu kuup\u00e4ev, kaup, kogus, Kliendi andmed) kasutatakse ostetud kaupade ja teenuste \u00fclevaate koostamiseks ning kliendieelistuste anal\u00fc\u00fcsimiseks.<\/li><li>Pangakonto numbrit kasutatakse Kliendile maksete tagastamiseks.<\/li><li>Isikuandmeid nagu e-post, telefoni nr, Kliendi nimi t\u00f6\u00f6deldakse selleks, et lahendada kaupade ja teenuste osutamisega seonduvaid k\u00fcsimusi (klienditugi).<\/li><li>Veebipoe kasutaja IP-aadressi v\u00f5i teisi v\u00f5rguidentifikaatoreid t\u00f6\u00f6deldakse veebipoe kui info\u00fchiskonna teenuse osutamiseks ning veebikasutusstatistika tegemiseks.<\/li><\/ul>\n\n\n\n<p><strong>\u00d5iguslik alus<\/strong><\/p>\n\n\n\n<ul class=\"wp-block-list\"><li>Isikuandmete t\u00f6\u00f6tlemine toimub Kliendiga s\u00f5lmitud lepingu t\u00e4itmise eesm\u00e4rgil.<\/li><li>Isikuandmete t\u00f6\u00f6tlemine toimub juriidilise kohustuse t\u00e4itmiseks (nt raamatupidamine ja tarbijavaidluste lahendamine).<\/li><\/ul>\n\n\n\n<p><strong>Vastuv\u00f5tjad, kellele isikuandmed edastatakse<\/strong><\/p>\n\n\n\n<ul class=\"wp-block-list\"><li>Andmet\u00f6\u00f6tleja hoiab Kliendi isikuandmeid, mis on talle teatavaks saanud kasutajakonto registreerimise ja kasutamise k\u00e4igus, saladuses ning avaldab neid kolmandatele osapooltele \u00fcksnes Kliendi n\u00f5usolekul, v.a. kui andmete avaldamise kohustus v\u00f5i \u00f5igus tuleneb \u00f5igusaktidest.<\/li><li>E-poe kasutaja n\u00f5ustub sellega, et kaupmehel on \u00f5igus Kliendile sobivate teenuste osutamiseks t\u00f6\u00f6delda tema andmeid, sh edastada Kliendi andmeid isikutele, kes on seotud kaupmehe poolt Kliendile teenuse osutamisega<\/li><li>Isikuandmed edastatakse veebipoe klienditoele ostude ja ostuajaloo haldamiseks ja kliendiprobleemide lahendamiseks.<\/li><li>Nimi, telefoninumber ja e-posti aadress edastatakse Kliendi poolt valitud transporditeenuse pakkujale. Kui tegemist on kulleriga kohale toimetatava kaubaga, siis edastatakse lisaks kontaktandmetele ka Kliendi aadress.<\/li><li>Kui veebipoe raamatupidamine toimub teenusepakkuja poolt, siis edastatakse isikuandmed teenusepakkujale raamatupidamistoimingute tegemiseks.<\/li><li>Isikuandmeid v\u00f5idakse edastada infotehnoloogia teenuste pakkujatele, kui see on vajalik veebipoe funktsionaalsuse v\u00f5i andmemajutuse tagamiseks<\/li><\/ul>\n\n\n\n<p><strong>Isikuandmetega tutvumine ja parandamine<\/strong><\/p>\n\n\n\n<ul class=\"wp-block-list\"><li>Isikuandmetega saab tutvuda ja teha parandusi veebipoe kasutajaprofiilis.<\/li><li>Kui ost on sooritatud ilma kasutajakontota, siis saab tutvuda isikuandmetega klienditoe vahendusel.<\/li><\/ul>\n\n\n\n<p><strong>N\u00f5usoleku tagasiv\u00f5tmine<\/strong><\/p>\n\n\n\n<p>Kui isikundmete t\u00f6\u00f6tlemine toimub Kliendi n\u00f5usoleku alusel, siis on Kliendil \u00f5igus n\u00f5usolek tagasi v\u00f5tta teavitades sellest kliendituge <a href=\"mailto:kayeleathergoods@gmail.com\">kayeleathergoods<\/a><a href=\"mailto:kayeleathergoods@gmail.com\">@gmail.com<\/a><\/p>\n\n\n\n<p><strong>Kliendi andmete s\u00e4ilitamine<\/strong><\/p>\n\n\n\n<ul class=\"wp-block-list\"><li>Veebipoe kliendikonto sulgemisel kustutatakse isikuandmed, va juhul kui selliseid andmeid on vaja s\u00e4ilitada raamatupidamise jaoks v\u00f5i tarbijavaidluste lahendamiseks.<\/li><li>Kui veebipoes on ost sooritatud ilma kliendikontota, siis s\u00e4ilitatakse ostuajalugu kolm aastat.<\/li><li>Maksetega ja tarbijavaidlustega seotud vaidluste korral s\u00e4ilitatakse isikuandmed kuni n\u00f5ude t\u00e4itmiseni v\u00f5i aegumist\u00e4htaja l\u00f5puni.<\/li><li>Raamatupidamise jaoks vajalikud isikuandmed s\u00e4ilitatakse seitse aastat.<\/li><\/ul>\n\n\n\n<p><strong>Andmete<\/strong> <strong>kustutamine<\/strong><\/p>\n\n\n\n<ul class=\"wp-block-list\"><li>Isikuandmete kustutamiseks tuleb v\u00f5tta \u00fchendust klienditoega<\/li><\/ul>\n\n\n\n<p><a href=\"mailto:kayeleathergoods@gmail.com\">kayeleathergoods@gmail.com<\/a><\/p>\n\n\n\n<ul class=\"wp-block-list\"><li>Kustutamistaotlusele vastatakse mitte hiljem kui kuu aja jooksul ning t\u00e4psustatakse andmete kustutamise perioodi.<\/li><li>Andmed kustutakse, kui nende s\u00e4ilitamine ei ole vajalik raamatupidamise jaoks v\u00f5i tarbijavaidluste lahendamiseks.<\/li><\/ul>\n\n\n\n<p><a><\/a> <strong>Otseturustusteated<\/strong><\/p>\n\n\n\n<ul class=\"wp-block-list\"><li>E-kirja aadressi kasutatakse otseturundusteadete saatmiseks, kui Klient on andnud vastava n\u00f5usoleku.<\/li><li>Kui Klient ei soovi saada otseturustusteateid, siis tuleb valida e-kirja jaluses vastav viide v\u00f5i v\u00f5tta \u00fchendust klienditoega <a href=\"mailto:kayeleathergoods@gmail.com\">kayeleathergoods<\/a><a href=\"mailto:kayeleathergoods@gmail.com\">@gmail.com<\/a><\/li><\/ul>\n\n\n\n<p><strong>Vaidluste lahendamine<\/strong><\/p>\n\n\n\n<p>Isikuandmete t\u00f6\u00f6tlemisega seotud vaidluste lahendamine toimub klienditoe vahendusel <a href=\"mailto:kayeleathergoods@gmail.com\">kayeleathergoods<\/a><a href=\"mailto:kayeleathergoods@gmail.com\">@gmail.com<\/a>. J\u00e4relevalveasutus on Eesti Andmekaitse Inspektsioon (info@aki.ee).<\/p>\n","protected":false},"excerpt":{"rendered":"Privaatsuspoliitika K\u00e4esolev privaatsuspoliitika reguleerib isikuandmete kogumist, t\u00f6\u00f6tlemist ja s\u00e4ilitamist k\u00e4sitlevaid p\u00f5him\u00f5tteid.E-poe htpps:\/\/www.nahastkasitoo.ee isikuandmeid kogub, t\u00f6\u00f6tleb ja s\u00e4ilitab isikuandmete vastutav t\u00f6\u00f6tleja Nahksekk O\u00dc (registrikood 14362480), Pargi tn 24-19 J\u00f5geva linn, J\u00f5geva vald, J\u00f5geva maakond 48303, e-post: kayeleathergoods@gmail.com, tel: +372 5566 0207&#8230;","protected":false},"author":1,"featured_media":0,"parent":0,"menu_order":0,"comment_status":"closed","ping_status":"open","template":"","meta":{"footnotes":""},"class_list":["post-3","page","type-page","status-publish","hentry"],"yoast_head":"<!-- This site is optimized with the Yoast SEO plugin v27.5 - https:\/\/yoast.com\/product\/yoast-seo-wordpress\/ -->\n<title>Privaatsuspoliitika - Kaye Leather Goods<\/title>\n<meta name=\"robots\" content=\"index, follow, max-snippet:-1, max-image-preview:large, max-video-preview:-1\" \/>\n<link rel=\"canonical\" href=\"https:\/\/nahastkasitoo.ee\/en\/privaatsuspoliitika\/\" \/>\n<meta property=\"og:locale\" content=\"en_US\" \/>\n<meta property=\"og:locale:alternate\" content=\"et\" \/>\n<meta property=\"og:type\" content=\"article\" \/>\n<meta property=\"og:title\" content=\"Privaatsuspoliitika - Kaye Leather Goods\" \/>\n<meta property=\"og:description\" content=\"Privaatsuspoliitika K\u00e4esolev privaatsuspoliitika reguleerib isikuandmete kogumist, t\u00f6\u00f6tlemist ja s\u00e4ilitamist k\u00e4sitlevaid p\u00f5him\u00f5tteid.E-poe htpps:\/\/www.nahastkasitoo.ee isikuandmeid kogub, t\u00f6\u00f6tleb ja s\u00e4ilitab isikuandmete vastutav t\u00f6\u00f6tleja Nahksekk O\u00dc (registrikood 14362480), Pargi tn 24-19 J\u00f5geva linn, J\u00f5geva vald, J\u00f5geva maakond 48303, e-post: kayeleathergoods@gmail.com, tel: +372 5566 0207...\" \/>\n<meta property=\"og:url\" content=\"https:\/\/www.nahastkasitoo.ee\/en\/privaatsuspoliitika\/\" \/>\n<meta property=\"og:site_name\" content=\"Kaye Leather Goods\" \/>\n<meta property=\"article:modified_time\" content=\"2021-11-19T10:14:56+00:00\" \/>\n<meta name=\"twitter:card\" content=\"summary_large_image\" \/>\n<meta name=\"twitter:label1\" content=\"Est. reading time\" \/>\n\t<meta name=\"twitter:data1\" content=\"3 minutes\" \/>\n<script type=\"application\/ld+json\" class=\"yoast-schema-graph\">{\"@context\":\"https:\\\/\\\/schema.org\",\"@graph\":[{\"@type\":\"WebPage\",\"@id\":\"https:\\\/\\\/nahastkasitoo.ee\\\/en\\\/privaatsuspoliitika\\\/\",\"url\":\"https:\\\/\\\/nahastkasitoo.ee\\\/en\\\/privaatsuspoliitika\\\/\",\"name\":\"Privaatsuspoliitika - Kaye Leather Goods\",\"isPartOf\":{\"@id\":\"https:\\\/\\\/nahastkasitoo.ee\\\/#website\"},\"datePublished\":\"2021-09-27T08:16:15+00:00\",\"dateModified\":\"2021-11-19T10:14:56+00:00\",\"breadcrumb\":{\"@id\":\"https:\\\/\\\/nahastkasitoo.ee\\\/en\\\/privaatsuspoliitika\\\/#breadcrumb\"},\"inLanguage\":\"en-US\",\"potentialAction\":[{\"@type\":\"ReadAction\",\"target\":[\"https:\\\/\\\/nahastkasitoo.ee\\\/en\\\/privaatsuspoliitika\\\/\"]}]},{\"@type\":\"BreadcrumbList\",\"@id\":\"https:\\\/\\\/nahastkasitoo.ee\\\/en\\\/privaatsuspoliitika\\\/#breadcrumb\",\"itemListElement\":[{\"@type\":\"ListItem\",\"position\":1,\"name\":\"Home\",\"item\":\"https:\\\/\\\/nahastkasitoo.ee\\\/\"},{\"@type\":\"ListItem\",\"position\":2,\"name\":\"Privaatsuspoliitika\"}]},{\"@type\":\"WebSite\",\"@id\":\"https:\\\/\\\/nahastkasitoo.ee\\\/#website\",\"url\":\"https:\\\/\\\/nahastkasitoo.ee\\\/\",\"name\":\"Kaye Leather Goods\",\"description\":\"Eestimaine nahastk\u00e4sit\u00f6\u00f6\",\"publisher\":{\"@id\":\"https:\\\/\\\/nahastkasitoo.ee\\\/#organization\"},\"potentialAction\":[{\"@type\":\"SearchAction\",\"target\":{\"@type\":\"EntryPoint\",\"urlTemplate\":\"https:\\\/\\\/nahastkasitoo.ee\\\/?s={search_term_string}\"},\"query-input\":{\"@type\":\"PropertyValueSpecification\",\"valueRequired\":true,\"valueName\":\"search_term_string\"}}],\"inLanguage\":\"en-US\"},{\"@type\":\"Organization\",\"@id\":\"https:\\\/\\\/nahastkasitoo.ee\\\/#organization\",\"name\":\"Nahast k\u00e4sit\u00f6\u00f6\",\"url\":\"https:\\\/\\\/nahastkasitoo.ee\\\/\",\"logo\":{\"@type\":\"ImageObject\",\"inLanguage\":\"en-US\",\"@id\":\"https:\\\/\\\/nahastkasitoo.ee\\\/#\\\/schema\\\/logo\\\/image\\\/\",\"url\":\"https:\\\/\\\/i0.wp.com\\\/nahastkasitoo.ee\\\/wp-content\\\/uploads\\\/2020\\\/06\\\/KayeLeatherGoods-poe-logo-labipaistev.png?fit=1500%2C1500&ssl=1\",\"contentUrl\":\"https:\\\/\\\/i0.wp.com\\\/nahastkasitoo.ee\\\/wp-content\\\/uploads\\\/2020\\\/06\\\/KayeLeatherGoods-poe-logo-labipaistev.png?fit=1500%2C1500&ssl=1\",\"width\":1500,\"height\":1500,\"caption\":\"Nahast k\u00e4sit\u00f6\u00f6\"},\"image\":{\"@id\":\"https:\\\/\\\/nahastkasitoo.ee\\\/#\\\/schema\\\/logo\\\/image\\\/\"}}]}<\/script>\n<!-- \/ Yoast SEO plugin. -->","yoast_head_json":{"title":"Privaatsuspoliitika - Kaye Leather Goods","robots":{"index":"index","follow":"follow","max-snippet":"max-snippet:-1","max-image-preview":"max-image-preview:large","max-video-preview":"max-video-preview:-1"},"canonical":"https:\/\/nahastkasitoo.ee\/en\/privaatsuspoliitika\/","og_locale":"en_US","og_type":"article","og_title":"Privaatsuspoliitika - Kaye Leather Goods","og_description":"Privaatsuspoliitika K\u00e4esolev privaatsuspoliitika reguleerib isikuandmete kogumist, t\u00f6\u00f6tlemist ja s\u00e4ilitamist k\u00e4sitlevaid p\u00f5him\u00f5tteid.E-poe htpps:\/\/www.nahastkasitoo.ee isikuandmeid kogub, t\u00f6\u00f6tleb ja s\u00e4ilitab isikuandmete vastutav t\u00f6\u00f6tleja Nahksekk O\u00dc (registrikood 14362480), Pargi tn 24-19 J\u00f5geva linn, J\u00f5geva vald, J\u00f5geva maakond 48303, e-post: kayeleathergoods@gmail.com, tel: +372 5566 0207...","og_url":"https:\/\/www.nahastkasitoo.ee\/en\/privaatsuspoliitika\/","og_site_name":"Kaye Leather Goods","article_modified_time":"2021-11-19T10:14:56+00:00","twitter_card":"summary_large_image","twitter_misc":{"Est. reading time":"3 minutes"},"schema":{"@context":"https:\/\/schema.org","@graph":[{"@type":"WebPage","@id":"https:\/\/nahastkasitoo.ee\/en\/privaatsuspoliitika\/","url":"https:\/\/nahastkasitoo.ee\/en\/privaatsuspoliitika\/","name":"Privaatsuspoliitika - Kaye Leather Goods","isPartOf":{"@id":"https:\/\/nahastkasitoo.ee\/#website"},"datePublished":"2021-09-27T08:16:15+00:00","dateModified":"2021-11-19T10:14:56+00:00","breadcrumb":{"@id":"https:\/\/nahastkasitoo.ee\/en\/privaatsuspoliitika\/#breadcrumb"},"inLanguage":"en-US","potentialAction":[{"@type":"ReadAction","target":["https:\/\/nahastkasitoo.ee\/en\/privaatsuspoliitika\/"]}]},{"@type":"BreadcrumbList","@id":"https:\/\/nahastkasitoo.ee\/en\/privaatsuspoliitika\/#breadcrumb","itemListElement":[{"@type":"ListItem","position":1,"name":"Home","item":"https:\/\/nahastkasitoo.ee\/"},{"@type":"ListItem","position":2,"name":"Privaatsuspoliitika"}]},{"@type":"WebSite","@id":"https:\/\/nahastkasitoo.ee\/#website","url":"https:\/\/nahastkasitoo.ee\/","name":"Kaye Leather Goods","description":"Eestimaine nahastk\u00e4sit\u00f6\u00f6","publisher":{"@id":"https:\/\/nahastkasitoo.ee\/#organization"},"potentialAction":[{"@type":"SearchAction","target":{"@type":"EntryPoint","urlTemplate":"https:\/\/nahastkasitoo.ee\/?s={search_term_string}"},"query-input":{"@type":"PropertyValueSpecification","valueRequired":true,"valueName":"search_term_string"}}],"inLanguage":"en-US"},{"@type":"Organization","@id":"https:\/\/nahastkasitoo.ee\/#organization","name":"Nahast k\u00e4sit\u00f6\u00f6","url":"https:\/\/nahastkasitoo.ee\/","logo":{"@type":"ImageObject","inLanguage":"en-US","@id":"https:\/\/nahastkasitoo.ee\/#\/schema\/logo\/image\/","url":"https:\/\/i0.wp.com\/nahastkasitoo.ee\/wp-content\/uploads\/2020\/06\/KayeLeatherGoods-poe-logo-labipaistev.png?fit=1500%2C1500&ssl=1","contentUrl":"https:\/\/i0.wp.com\/nahastkasitoo.ee\/wp-content\/uploads\/2020\/06\/KayeLeatherGoods-poe-logo-labipaistev.png?fit=1500%2C1500&ssl=1","width":1500,"height":1500,"caption":"Nahast k\u00e4sit\u00f6\u00f6"},"image":{"@id":"https:\/\/nahastkasitoo.ee\/#\/schema\/logo\/image\/"}}]}},"jetpack_sharing_enabled":true,"_links":{"self":[{"href":"https:\/\/www.nahastkasitoo.ee\/en\/wp-json\/wp\/v2\/pages\/3","targetHints":{"allow":["GET"]}}],"collection":[{"href":"https:\/\/www.nahastkasitoo.ee\/en\/wp-json\/wp\/v2\/pages"}],"about":[{"href":"https:\/\/www.nahastkasitoo.ee\/en\/wp-json\/wp\/v2\/types\/page"}],"author":[{"embeddable":true,"href":"https:\/\/www.nahastkasitoo.ee\/en\/wp-json\/wp\/v2\/users\/1"}],"replies":[{"embeddable":true,"href":"https:\/\/www.nahastkasitoo.ee\/en\/wp-json\/wp\/v2\/comments?post=3"}],"version-history":[{"count":2,"href":"https:\/\/www.nahastkasitoo.ee\/en\/wp-json\/wp\/v2\/pages\/3\/revisions"}],"predecessor-version":[{"id":13717,"href":"https:\/\/www.nahastkasitoo.ee\/en\/wp-json\/wp\/v2\/pages\/3\/revisions\/13717"}],"wp:attachment":[{"href":"https:\/\/www.nahastkasitoo.ee\/en\/wp-json\/wp\/v2\/media?parent=3"}],"curies":[{"name":"wp","href":"https:\/\/api.w.org\/{rel}","templated":true}]}}