{"id":14433,"date":"2022-08-28T20:07:43","date_gmt":"2022-08-28T20:07:43","guid":{"rendered":"https:\/\/nahastkasitoo.ee\/?post_type=product&#038;p=14433"},"modified":"2026-04-15T08:25:19","modified_gmt":"2026-04-15T08:25:19","slug":"leather-book-diary-yellow","status":"publish","type":"product","link":"https:\/\/www.nahastkasitoo.ee\/en\/tooted\/leather-book-diary-yellow\/","title":{"rendered":"Leather Book_Diary \/yellow\/"},"content":{"rendered":"<p>The covers of the book are made of vegetable tanned calf leather, which is hand dyed with water-based and toxic free dyes and has been polished with a special kind of lacquer made of beeswax. Since it\u2019s genuine vegetable tanned leather, there might be natural nicks or scratches on the surface, that do not affect our products\u2019 good quality.<br \/>\nOur books have been bound with great care. All the bands used for binding are also made of genuine leather, carefully chosen out to have the right kind of thickness and softness that would be suitable for binding. All the bands are carefully cut, dyed, polished and eventually glued &#8211; all by hand.<br \/>\nThe book contains 224 pages (counted both sides, excluding end pages). The mould-made paper we use is made of 100% alpha cellulose. The paper won\u2019t change its quality when exposed to light and is suitable for all kinds of pens, including gel and fountain pens. There are four blocks of papers, first and last one of them being wrapped inside end pages. All paper is hand torn.<\/p>\n<p>Measurements:<br \/>\n13cm x 22cm (~5,1 inches x ~8.6 inches)<\/p>\n","protected":false},"excerpt":{"rendered":"<p>Eksklusiivne nahast m\u00e4rkmik\/p\u00e4evik on t\u00e4helepanuv\u00e4\u00e4rne ja ajatu kingitus igaks t\u00e4htp\u00e4evaks.<br \/>\nSisu rikastamiseks sobivad m\u00e4rkmeraamatu m\u00f5\u00f5dud h\u00e4sti ka fotodele kuni 10x15cm.<\/p>\n","protected":false},"featured_media":14426,"comment_status":"open","ping_status":"closed","template":"","meta":[],"product_brand":[],"product_cat":[29],"product_tag":[],"class_list":{"0":"post-14433","1":"product","2":"type-product","3":"status-publish","4":"has-post-thumbnail","6":"product_cat-markmeraamatud","8":"first","9":"outofstock","10":"sold-individually","11":"taxable","12":"shipping-taxable","13":"purchasable","14":"product-type-simple"},"yoast_head":"<!-- This site is optimized with the Yoast SEO plugin v27.5 - https:\/\/yoast.com\/product\/yoast-seo-wordpress\/ -->\n<title>Leather Book_Diary \/yellow\/<\/title>\n<meta name=\"description\" content=\"Leather Book_Diary \/yellow\/, Eesti k\u00e4sit\u00f6\u00f6 eestimaisest taimparknahast. Eksklusiivsed nahast tooted. V\u00f5imalikud eritellimused. Vaata poodi!\" \/>\n<meta name=\"robots\" content=\"index, follow, max-snippet:-1, max-image-preview:large, max-video-preview:-1\" \/>\n<link rel=\"canonical\" href=\"https:\/\/www.nahastkasitoo.ee\/en\/tooted\/leather-book-diary-yellow\/\" \/>\n<meta property=\"og:locale\" content=\"en_US\" \/>\n<meta property=\"og:locale:alternate\" content=\"et\" \/>\n<meta property=\"og:type\" content=\"article\" \/>\n<meta property=\"og:title\" content=\"Leather Book_Diary \/yellow\/\" \/>\n<meta property=\"og:description\" content=\"Leather Book_Diary \/yellow\/, Eesti k\u00e4sit\u00f6\u00f6 eestimaisest taimparknahast. Eksklusiivsed nahast tooted. V\u00f5imalikud eritellimused. Vaata poodi!\" \/>\n<meta property=\"og:url\" content=\"https:\/\/www.nahastkasitoo.ee\/en\/tooted\/leather-book-diary-yellow\/\" \/>\n<meta property=\"og:site_name\" content=\"Kaye Leather Goods\" \/>\n<meta property=\"article:modified_time\" content=\"2026-04-15T08:25:19+00:00\" \/>\n<meta property=\"og:image\" content=\"https:\/\/i0.wp.com\/nahastkasitoo.ee\/wp-content\/uploads\/2022\/08\/Leather-Book_Diary-yellow-scaled-e1661702368611.jpg?fit=1000%2C1000&ssl=1\" \/>\n\t<meta property=\"og:image:width\" content=\"1000\" \/>\n\t<meta property=\"og:image:height\" content=\"1000\" \/>\n\t<meta property=\"og:image:type\" content=\"image\/jpeg\" \/>\n<meta name=\"twitter:card\" content=\"summary_large_image\" \/>\n<meta name=\"twitter:label1\" content=\"Est. reading time\" \/>\n\t<meta name=\"twitter:data1\" content=\"1 minute\" \/>\n<script type=\"application\/ld+json\" class=\"yoast-schema-graph\">{\"@context\":\"https:\\\/\\\/schema.org\",\"@graph\":[{\"@type\":\"WebPage\",\"@id\":\"https:\\\/\\\/www.nahastkasitoo.ee\\\/tooted\\\/leather-book-diary-yellow\\\/\",\"url\":\"https:\\\/\\\/www.nahastkasitoo.ee\\\/tooted\\\/leather-book-diary-yellow\\\/\",\"name\":\"Leather Book_Diary \\\/yellow\\\/\",\"isPartOf\":{\"@id\":\"https:\\\/\\\/nahastkasitoo.ee\\\/#website\"},\"primaryImageOfPage\":{\"@id\":\"https:\\\/\\\/www.nahastkasitoo.ee\\\/tooted\\\/leather-book-diary-yellow\\\/#primaryimage\"},\"image\":{\"@id\":\"https:\\\/\\\/www.nahastkasitoo.ee\\\/tooted\\\/leather-book-diary-yellow\\\/#primaryimage\"},\"thumbnailUrl\":\"https:\\\/\\\/i0.wp.com\\\/www.nahastkasitoo.ee\\\/wp-content\\\/uploads\\\/2022\\\/08\\\/Leather-Book_Diary-yellow-scaled-e1661702368611.jpg?fit=1000%2C1000&ssl=1\",\"datePublished\":\"2022-08-28T20:07:43+00:00\",\"dateModified\":\"2026-04-15T08:25:19+00:00\",\"description\":\"Leather Book_Diary \\\/yellow\\\/, Eesti k\u00e4sit\u00f6\u00f6 eestimaisest taimparknahast. Eksklusiivsed nahast tooted. V\u00f5imalikud eritellimused. Vaata poodi!\",\"breadcrumb\":{\"@id\":\"https:\\\/\\\/www.nahastkasitoo.ee\\\/tooted\\\/leather-book-diary-yellow\\\/#breadcrumb\"},\"inLanguage\":\"en-US\",\"potentialAction\":[{\"@type\":\"ReadAction\",\"target\":[\"https:\\\/\\\/www.nahastkasitoo.ee\\\/tooted\\\/leather-book-diary-yellow\\\/\"]}]},{\"@type\":\"ImageObject\",\"inLanguage\":\"en-US\",\"@id\":\"https:\\\/\\\/www.nahastkasitoo.ee\\\/tooted\\\/leather-book-diary-yellow\\\/#primaryimage\",\"url\":\"https:\\\/\\\/i0.wp.com\\\/www.nahastkasitoo.ee\\\/wp-content\\\/uploads\\\/2022\\\/08\\\/Leather-Book_Diary-yellow-scaled-e1661702368611.jpg?fit=1000%2C1000&ssl=1\",\"contentUrl\":\"https:\\\/\\\/i0.wp.com\\\/www.nahastkasitoo.ee\\\/wp-content\\\/uploads\\\/2022\\\/08\\\/Leather-Book_Diary-yellow-scaled-e1661702368611.jpg?fit=1000%2C1000&ssl=1\",\"width\":1000,\"height\":1000,\"caption\":\"nahastkasitoo.ee Leather Book_Diary \\\/yellow\\\/\"},{\"@type\":\"BreadcrumbList\",\"@id\":\"https:\\\/\\\/www.nahastkasitoo.ee\\\/tooted\\\/leather-book-diary-yellow\\\/#breadcrumb\",\"itemListElement\":[{\"@type\":\"ListItem\",\"position\":1,\"name\":\"Home\",\"item\":\"https:\\\/\\\/nahastkasitoo.ee\\\/\"},{\"@type\":\"ListItem\",\"position\":2,\"name\":\"Tooted\",\"item\":\"https:\\\/\\\/nahastkasitoo.ee\\\/en\\\/tooted-kaye-leather-goods\\\/\"},{\"@type\":\"ListItem\",\"position\":3,\"name\":\"Leather Book_Diary \\\/yellow\\\/\"}]},{\"@type\":\"WebSite\",\"@id\":\"https:\\\/\\\/nahastkasitoo.ee\\\/#website\",\"url\":\"https:\\\/\\\/nahastkasitoo.ee\\\/\",\"name\":\"Kaye Leather Goods\",\"description\":\"Eestimaine nahastk\u00e4sit\u00f6\u00f6\",\"publisher\":{\"@id\":\"https:\\\/\\\/nahastkasitoo.ee\\\/#organization\"},\"potentialAction\":[{\"@type\":\"SearchAction\",\"target\":{\"@type\":\"EntryPoint\",\"urlTemplate\":\"https:\\\/\\\/nahastkasitoo.ee\\\/?s={search_term_string}\"},\"query-input\":{\"@type\":\"PropertyValueSpecification\",\"valueRequired\":true,\"valueName\":\"search_term_string\"}}],\"inLanguage\":\"en-US\"},{\"@type\":\"Organization\",\"@id\":\"https:\\\/\\\/nahastkasitoo.ee\\\/#organization\",\"name\":\"Nahast k\u00e4sit\u00f6\u00f6\",\"url\":\"https:\\\/\\\/nahastkasitoo.ee\\\/\",\"logo\":{\"@type\":\"ImageObject\",\"inLanguage\":\"en-US\",\"@id\":\"https:\\\/\\\/nahastkasitoo.ee\\\/#\\\/schema\\\/logo\\\/image\\\/\",\"url\":\"https:\\\/\\\/i0.wp.com\\\/nahastkasitoo.ee\\\/wp-content\\\/uploads\\\/2020\\\/06\\\/KayeLeatherGoods-poe-logo-labipaistev.png?fit=1500%2C1500&ssl=1\",\"contentUrl\":\"https:\\\/\\\/i0.wp.com\\\/nahastkasitoo.ee\\\/wp-content\\\/uploads\\\/2020\\\/06\\\/KayeLeatherGoods-poe-logo-labipaistev.png?fit=1500%2C1500&ssl=1\",\"width\":1500,\"height\":1500,\"caption\":\"Nahast k\u00e4sit\u00f6\u00f6\"},\"image\":{\"@id\":\"https:\\\/\\\/nahastkasitoo.ee\\\/#\\\/schema\\\/logo\\\/image\\\/\"}}]}<\/script>\n<!-- \/ Yoast SEO plugin. -->","yoast_head_json":{"title":"Leather Book_Diary \/yellow\/","description":"Leather Book_Diary \/yellow\/, Eesti k\u00e4sit\u00f6\u00f6 eestimaisest taimparknahast. Eksklusiivsed nahast tooted. V\u00f5imalikud eritellimused. Vaata poodi!","robots":{"index":"index","follow":"follow","max-snippet":"max-snippet:-1","max-image-preview":"max-image-preview:large","max-video-preview":"max-video-preview:-1"},"canonical":"https:\/\/www.nahastkasitoo.ee\/en\/tooted\/leather-book-diary-yellow\/","og_locale":"en_US","og_type":"article","og_title":"[:et]Leather Book_Diary \/yellow\/[:] - Kaye Leather Goods","og_description":"Leather Book_Diary \/yellow\/, Eesti k\u00e4sit\u00f6\u00f6 eestimaisest taimparknahast. Eksklusiivsed nahast tooted. V\u00f5imalikud eritellimused. Vaata poodi!","og_url":"https:\/\/www.nahastkasitoo.ee\/en\/tooted\/leather-book-diary-yellow\/","og_site_name":"Kaye Leather Goods","article_modified_time":"2026-04-15T08:25:19+00:00","og_image":[{"width":1000,"height":1000,"url":"https:\/\/i0.wp.com\/nahastkasitoo.ee\/wp-content\/uploads\/2022\/08\/Leather-Book_Diary-yellow-scaled-e1661702368611.jpg?fit=1000%2C1000&ssl=1","type":"image\/jpeg"}],"twitter_card":"summary_large_image","twitter_misc":{"Est. reading time":"1 minute"},"schema":{"@context":"https:\/\/schema.org","@graph":[{"@type":"WebPage","@id":"https:\/\/www.nahastkasitoo.ee\/tooted\/leather-book-diary-yellow\/","url":"https:\/\/www.nahastkasitoo.ee\/tooted\/leather-book-diary-yellow\/","name":"Leather Book_Diary \/yellow\/","isPartOf":{"@id":"https:\/\/nahastkasitoo.ee\/#website"},"primaryImageOfPage":{"@id":"https:\/\/www.nahastkasitoo.ee\/tooted\/leather-book-diary-yellow\/#primaryimage"},"image":{"@id":"https:\/\/www.nahastkasitoo.ee\/tooted\/leather-book-diary-yellow\/#primaryimage"},"thumbnailUrl":"https:\/\/i0.wp.com\/www.nahastkasitoo.ee\/wp-content\/uploads\/2022\/08\/Leather-Book_Diary-yellow-scaled-e1661702368611.jpg?fit=1000%2C1000&ssl=1","datePublished":"2022-08-28T20:07:43+00:00","dateModified":"2026-04-15T08:25:19+00:00","description":"Leather Book_Diary \/yellow\/, Eesti k\u00e4sit\u00f6\u00f6 eestimaisest taimparknahast. Eksklusiivsed nahast tooted. V\u00f5imalikud eritellimused. Vaata poodi!","breadcrumb":{"@id":"https:\/\/www.nahastkasitoo.ee\/tooted\/leather-book-diary-yellow\/#breadcrumb"},"inLanguage":"en-US","potentialAction":[{"@type":"ReadAction","target":["https:\/\/www.nahastkasitoo.ee\/tooted\/leather-book-diary-yellow\/"]}]},{"@type":"ImageObject","inLanguage":"en-US","@id":"https:\/\/www.nahastkasitoo.ee\/tooted\/leather-book-diary-yellow\/#primaryimage","url":"https:\/\/i0.wp.com\/www.nahastkasitoo.ee\/wp-content\/uploads\/2022\/08\/Leather-Book_Diary-yellow-scaled-e1661702368611.jpg?fit=1000%2C1000&ssl=1","contentUrl":"https:\/\/i0.wp.com\/www.nahastkasitoo.ee\/wp-content\/uploads\/2022\/08\/Leather-Book_Diary-yellow-scaled-e1661702368611.jpg?fit=1000%2C1000&ssl=1","width":1000,"height":1000,"caption":"nahastkasitoo.ee Leather Book_Diary \/yellow\/"},{"@type":"BreadcrumbList","@id":"https:\/\/www.nahastkasitoo.ee\/tooted\/leather-book-diary-yellow\/#breadcrumb","itemListElement":[{"@type":"ListItem","position":1,"name":"Home","item":"https:\/\/nahastkasitoo.ee\/"},{"@type":"ListItem","position":2,"name":"Tooted","item":"https:\/\/nahastkasitoo.ee\/en\/tooted-kaye-leather-goods\/"},{"@type":"ListItem","position":3,"name":"Leather Book_Diary \/yellow\/"}]},{"@type":"WebSite","@id":"https:\/\/nahastkasitoo.ee\/#website","url":"https:\/\/nahastkasitoo.ee\/","name":"Kaye Leather Goods","description":"Eestimaine nahastk\u00e4sit\u00f6\u00f6","publisher":{"@id":"https:\/\/nahastkasitoo.ee\/#organization"},"potentialAction":[{"@type":"SearchAction","target":{"@type":"EntryPoint","urlTemplate":"https:\/\/nahastkasitoo.ee\/?s={search_term_string}"},"query-input":{"@type":"PropertyValueSpecification","valueRequired":true,"valueName":"search_term_string"}}],"inLanguage":"en-US"},{"@type":"Organization","@id":"https:\/\/nahastkasitoo.ee\/#organization","name":"Nahast k\u00e4sit\u00f6\u00f6","url":"https:\/\/nahastkasitoo.ee\/","logo":{"@type":"ImageObject","inLanguage":"en-US","@id":"https:\/\/nahastkasitoo.ee\/#\/schema\/logo\/image\/","url":"https:\/\/i0.wp.com\/nahastkasitoo.ee\/wp-content\/uploads\/2020\/06\/KayeLeatherGoods-poe-logo-labipaistev.png?fit=1500%2C1500&ssl=1","contentUrl":"https:\/\/i0.wp.com\/nahastkasitoo.ee\/wp-content\/uploads\/2020\/06\/KayeLeatherGoods-poe-logo-labipaistev.png?fit=1500%2C1500&ssl=1","width":1500,"height":1500,"caption":"Nahast k\u00e4sit\u00f6\u00f6"},"image":{"@id":"https:\/\/nahastkasitoo.ee\/#\/schema\/logo\/image\/"}}]}},"jetpack_sharing_enabled":true,"_links":{"self":[{"href":"https:\/\/www.nahastkasitoo.ee\/en\/wp-json\/wp\/v2\/product\/14433","targetHints":{"allow":["GET"]}}],"collection":[{"href":"https:\/\/www.nahastkasitoo.ee\/en\/wp-json\/wp\/v2\/product"}],"about":[{"href":"https:\/\/www.nahastkasitoo.ee\/en\/wp-json\/wp\/v2\/types\/product"}],"replies":[{"embeddable":true,"href":"https:\/\/www.nahastkasitoo.ee\/en\/wp-json\/wp\/v2\/comments?post=14433"}],"wp:featuredmedia":[{"embeddable":true,"href":"https:\/\/www.nahastkasitoo.ee\/en\/wp-json\/wp\/v2\/media\/14426"}],"wp:attachment":[{"href":"https:\/\/www.nahastkasitoo.ee\/en\/wp-json\/wp\/v2\/media?parent=14433"}],"wp:term":[{"taxonomy":"product_brand","embeddable":true,"href":"https:\/\/www.nahastkasitoo.ee\/en\/wp-json\/wp\/v2\/product_brand?post=14433"},{"taxonomy":"product_cat","embeddable":true,"href":"https:\/\/www.nahastkasitoo.ee\/en\/wp-json\/wp\/v2\/product_cat?post=14433"},{"taxonomy":"product_tag","embeddable":true,"href":"https:\/\/www.nahastkasitoo.ee\/en\/wp-json\/wp\/v2\/product_tag?post=14433"}],"curies":[{"name":"wp","href":"https:\/\/api.w.org\/{rel}","templated":true}]}}