{"id":14506,"date":"2022-10-18T17:19:20","date_gmt":"2022-10-18T17:19:20","guid":{"rendered":"https:\/\/nahastkasitoo.ee\/?post_type=product&#038;p=14506"},"modified":"2024-05-28T16:17:50","modified_gmt":"2024-05-28T16:17:50","slug":"nahast-must-prillitoos-tasku","status":"publish","type":"product","link":"https:\/\/www.nahastkasitoo.ee\/en\/tooted\/nahast-must-prillitoos-tasku\/","title":{"rendered":"Nahast must prillitoos\/tasku_T\u00f5ld"},"content":{"rendered":"<p>Nahast must prillitoos\/tasku_T\u00f5ld<br \/>\nNahast prillitoos on valmistatud kvaliteetsest eestimaisest taimparknahast,<br \/>\nmis on v\u00e4rvitud k\u00e4sitsi veep\u00f5histe v\u00e4rvidega ning kaitstud spetsiaalse<br \/>\nmesilasvahast lakiga.<\/p>\n<p>Kuna tegemist on ehtsa nahaga, v\u00f5ib selle pinnal<br \/>\nesineda looduslikke t\u00e4kkeid v\u00f5i kriimustusi, mis ei m\u00f5juta toodete<br \/>\nhead kvaliteeti, pigem muudavad need ise\u00e4rasused tooted ainulaadseks<br \/>\nja kordumatuks.<\/p>\n<p>Prillitoos kinnitub magnetkinnisega.<\/p>\n<p>PS. Toote v\u00e4rv v\u00f5ib natuke erineda ekraanikuvade ise\u00e4rasuste t\u00f5ttu.<\/p>\n","protected":false},"excerpt":{"rendered":"<p>_ Vanas stiilis parajalt suur prillitoos\/tasku m\u00f5\u00f5tudega 18x9cm<br \/>\n_ Kaitse oma prille vastupidavast taimparknahast valmistatud prillitaskuga.<br \/>\n_ V\u00f5id kindel olla, et see teenib Su prille aastaid.<br \/>\n_ Hea kingiidee!<\/p>\n","protected":false},"featured_media":14492,"comment_status":"open","ping_status":"closed","template":"","meta":[],"product_brand":[],"product_cat":[37],"product_tag":[48,49,41],"class_list":{"0":"post-14506","1":"product","2":"type-product","3":"status-publish","4":"has-post-thumbnail","6":"product_cat-prillitoosid","7":"product_tag-naturaalne-nahk","8":"product_tag-prillitoos","9":"product_tag-eesti-kasitoo","11":"first","12":"outofstock","13":"sold-individually","14":"taxable","15":"shipping-taxable","16":"purchasable","17":"product-type-simple"},"yoast_head":"<!-- This site is optimized with the Yoast SEO plugin v27.5 - https:\/\/yoast.com\/product\/yoast-seo-wordpress\/ -->\n<title>Nahast must prillitoos\/tasku_T\u00f5ld<\/title>\n<meta name=\"description\" content=\"Nahast prillitoos\/tasku, Eesti k\u00e4sit\u00f6\u00f6 kvaliteetsest taimparknahast. Hea kingiidee, mis kestab aastaid. Saadaval erinevate v\u00e4rvide ja piltidega.\" \/>\n<meta name=\"robots\" content=\"index, follow, max-snippet:-1, max-image-preview:large, max-video-preview:-1\" \/>\n<link rel=\"canonical\" href=\"https:\/\/nahastkasitoo.ee\/tooted\/nahast-must-prillitoos-tasku\/\" \/>\n<meta property=\"og:locale\" content=\"en_US\" \/>\n<meta property=\"og:locale:alternate\" content=\"et\" \/>\n<meta property=\"og:type\" content=\"article\" \/>\n<meta property=\"og:title\" content=\"Nahast must prillitoos\/tasku_T\u00f5ld\" \/>\n<meta property=\"og:description\" content=\"Nahast prillitoos\/tasku, Eesti k\u00e4sit\u00f6\u00f6 kvaliteetsest taimparknahast. Hea kingiidee, mis kestab aastaid. Saadaval erinevate v\u00e4rvide ja piltidega.\" \/>\n<meta property=\"og:url\" content=\"https:\/\/www.nahastkasitoo.ee\/en\/tooted\/nahast-must-prillitoos-tasku\/\" \/>\n<meta property=\"og:site_name\" content=\"Kaye Leather Goods\" \/>\n<meta property=\"article:modified_time\" content=\"2024-05-28T16:17:50+00:00\" \/>\n<meta property=\"og:image\" content=\"https:\/\/i0.wp.com\/nahastkasitoo.ee\/wp-content\/uploads\/2022\/10\/inbound7214060595251402431-scaled-e1666073570509.jpg?fit=550%2C550&ssl=1\" \/>\n\t<meta property=\"og:image:width\" content=\"550\" \/>\n\t<meta property=\"og:image:height\" content=\"550\" \/>\n\t<meta property=\"og:image:type\" content=\"image\/jpeg\" \/>\n<meta name=\"twitter:card\" content=\"summary_large_image\" \/>\n<script type=\"application\/ld+json\" class=\"yoast-schema-graph\">{\"@context\":\"https:\\\/\\\/schema.org\",\"@graph\":[{\"@type\":\"WebPage\",\"@id\":\"https:\\\/\\\/nahastkasitoo.ee\\\/tooted\\\/nahast-must-prillitoos-tasku\\\/\",\"url\":\"https:\\\/\\\/nahastkasitoo.ee\\\/tooted\\\/nahast-must-prillitoos-tasku\\\/\",\"name\":\"Nahast must prillitoos\\\/tasku_T\u00f5ld\",\"isPartOf\":{\"@id\":\"https:\\\/\\\/nahastkasitoo.ee\\\/#website\"},\"primaryImageOfPage\":{\"@id\":\"https:\\\/\\\/nahastkasitoo.ee\\\/tooted\\\/nahast-must-prillitoos-tasku\\\/#primaryimage\"},\"image\":{\"@id\":\"https:\\\/\\\/nahastkasitoo.ee\\\/tooted\\\/nahast-must-prillitoos-tasku\\\/#primaryimage\"},\"thumbnailUrl\":\"https:\\\/\\\/i0.wp.com\\\/www.nahastkasitoo.ee\\\/wp-content\\\/uploads\\\/2022\\\/10\\\/inbound7214060595251402431-scaled-e1666073570509.jpg?fit=550%2C550&ssl=1\",\"datePublished\":\"2022-10-18T17:19:20+00:00\",\"dateModified\":\"2024-05-28T16:17:50+00:00\",\"description\":\"Nahast prillitoos\\\/tasku, Eesti k\u00e4sit\u00f6\u00f6 kvaliteetsest taimparknahast. Hea kingiidee, mis kestab aastaid. Saadaval erinevate v\u00e4rvide ja piltidega.\",\"breadcrumb\":{\"@id\":\"https:\\\/\\\/nahastkasitoo.ee\\\/tooted\\\/nahast-must-prillitoos-tasku\\\/#breadcrumb\"},\"inLanguage\":\"en-US\",\"potentialAction\":[{\"@type\":\"ReadAction\",\"target\":[\"https:\\\/\\\/nahastkasitoo.ee\\\/tooted\\\/nahast-must-prillitoos-tasku\\\/\"]}]},{\"@type\":\"ImageObject\",\"inLanguage\":\"en-US\",\"@id\":\"https:\\\/\\\/nahastkasitoo.ee\\\/tooted\\\/nahast-must-prillitoos-tasku\\\/#primaryimage\",\"url\":\"https:\\\/\\\/i0.wp.com\\\/www.nahastkasitoo.ee\\\/wp-content\\\/uploads\\\/2022\\\/10\\\/inbound7214060595251402431-scaled-e1666073570509.jpg?fit=550%2C550&ssl=1\",\"contentUrl\":\"https:\\\/\\\/i0.wp.com\\\/www.nahastkasitoo.ee\\\/wp-content\\\/uploads\\\/2022\\\/10\\\/inbound7214060595251402431-scaled-e1666073570509.jpg?fit=550%2C550&ssl=1\",\"width\":550,\"height\":550,\"caption\":\"nahastkasitoo.ee nahast must prillitoos\\\/tasku_esik\u00fclg\"},{\"@type\":\"BreadcrumbList\",\"@id\":\"https:\\\/\\\/nahastkasitoo.ee\\\/tooted\\\/nahast-must-prillitoos-tasku\\\/#breadcrumb\",\"itemListElement\":[{\"@type\":\"ListItem\",\"position\":1,\"name\":\"Home\",\"item\":\"https:\\\/\\\/nahastkasitoo.ee\\\/\"},{\"@type\":\"ListItem\",\"position\":2,\"name\":\"Tooted\",\"item\":\"https:\\\/\\\/nahastkasitoo.ee\\\/en\\\/tooted-kaye-leather-goods\\\/\"},{\"@type\":\"ListItem\",\"position\":3,\"name\":\"Nahast must prillitoos\\\/tasku_T\u00f5ld\"}]},{\"@type\":\"WebSite\",\"@id\":\"https:\\\/\\\/nahastkasitoo.ee\\\/#website\",\"url\":\"https:\\\/\\\/nahastkasitoo.ee\\\/\",\"name\":\"Kaye Leather Goods\",\"description\":\"Eestimaine nahastk\u00e4sit\u00f6\u00f6\",\"publisher\":{\"@id\":\"https:\\\/\\\/nahastkasitoo.ee\\\/#organization\"},\"potentialAction\":[{\"@type\":\"SearchAction\",\"target\":{\"@type\":\"EntryPoint\",\"urlTemplate\":\"https:\\\/\\\/nahastkasitoo.ee\\\/?s={search_term_string}\"},\"query-input\":{\"@type\":\"PropertyValueSpecification\",\"valueRequired\":true,\"valueName\":\"search_term_string\"}}],\"inLanguage\":\"en-US\"},{\"@type\":\"Organization\",\"@id\":\"https:\\\/\\\/nahastkasitoo.ee\\\/#organization\",\"name\":\"Nahast k\u00e4sit\u00f6\u00f6\",\"url\":\"https:\\\/\\\/nahastkasitoo.ee\\\/\",\"logo\":{\"@type\":\"ImageObject\",\"inLanguage\":\"en-US\",\"@id\":\"https:\\\/\\\/nahastkasitoo.ee\\\/#\\\/schema\\\/logo\\\/image\\\/\",\"url\":\"https:\\\/\\\/i0.wp.com\\\/nahastkasitoo.ee\\\/wp-content\\\/uploads\\\/2020\\\/06\\\/KayeLeatherGoods-poe-logo-labipaistev.png?fit=1500%2C1500&ssl=1\",\"contentUrl\":\"https:\\\/\\\/i0.wp.com\\\/nahastkasitoo.ee\\\/wp-content\\\/uploads\\\/2020\\\/06\\\/KayeLeatherGoods-poe-logo-labipaistev.png?fit=1500%2C1500&ssl=1\",\"width\":1500,\"height\":1500,\"caption\":\"Nahast k\u00e4sit\u00f6\u00f6\"},\"image\":{\"@id\":\"https:\\\/\\\/nahastkasitoo.ee\\\/#\\\/schema\\\/logo\\\/image\\\/\"}}]}<\/script>\n<!-- \/ Yoast SEO plugin. -->","yoast_head_json":{"title":"Nahast must prillitoos\/tasku_T\u00f5ld","description":"Nahast prillitoos\/tasku, Eesti k\u00e4sit\u00f6\u00f6 kvaliteetsest taimparknahast. Hea kingiidee, mis kestab aastaid. Saadaval erinevate v\u00e4rvide ja piltidega.","robots":{"index":"index","follow":"follow","max-snippet":"max-snippet:-1","max-image-preview":"max-image-preview:large","max-video-preview":"max-video-preview:-1"},"canonical":"https:\/\/nahastkasitoo.ee\/tooted\/nahast-must-prillitoos-tasku\/","og_locale":"en_US","og_type":"article","og_title":"[:et]Nahast must prillitoos\/tasku_T\u00f5ld[:] - Kaye Leather Goods","og_description":"Nahast prillitoos\/tasku, Eesti k\u00e4sit\u00f6\u00f6 kvaliteetsest taimparknahast. Hea kingiidee, mis kestab aastaid. Saadaval erinevate v\u00e4rvide ja piltidega.","og_url":"https:\/\/www.nahastkasitoo.ee\/en\/tooted\/nahast-must-prillitoos-tasku\/","og_site_name":"Kaye Leather Goods","article_modified_time":"2024-05-28T16:17:50+00:00","og_image":[{"width":550,"height":550,"url":"https:\/\/i0.wp.com\/nahastkasitoo.ee\/wp-content\/uploads\/2022\/10\/inbound7214060595251402431-scaled-e1666073570509.jpg?fit=550%2C550&ssl=1","type":"image\/jpeg"}],"twitter_card":"summary_large_image","schema":{"@context":"https:\/\/schema.org","@graph":[{"@type":"WebPage","@id":"https:\/\/nahastkasitoo.ee\/tooted\/nahast-must-prillitoos-tasku\/","url":"https:\/\/nahastkasitoo.ee\/tooted\/nahast-must-prillitoos-tasku\/","name":"Nahast must prillitoos\/tasku_T\u00f5ld","isPartOf":{"@id":"https:\/\/nahastkasitoo.ee\/#website"},"primaryImageOfPage":{"@id":"https:\/\/nahastkasitoo.ee\/tooted\/nahast-must-prillitoos-tasku\/#primaryimage"},"image":{"@id":"https:\/\/nahastkasitoo.ee\/tooted\/nahast-must-prillitoos-tasku\/#primaryimage"},"thumbnailUrl":"https:\/\/i0.wp.com\/www.nahastkasitoo.ee\/wp-content\/uploads\/2022\/10\/inbound7214060595251402431-scaled-e1666073570509.jpg?fit=550%2C550&ssl=1","datePublished":"2022-10-18T17:19:20+00:00","dateModified":"2024-05-28T16:17:50+00:00","description":"Nahast prillitoos\/tasku, Eesti k\u00e4sit\u00f6\u00f6 kvaliteetsest taimparknahast. Hea kingiidee, mis kestab aastaid. Saadaval erinevate v\u00e4rvide ja piltidega.","breadcrumb":{"@id":"https:\/\/nahastkasitoo.ee\/tooted\/nahast-must-prillitoos-tasku\/#breadcrumb"},"inLanguage":"en-US","potentialAction":[{"@type":"ReadAction","target":["https:\/\/nahastkasitoo.ee\/tooted\/nahast-must-prillitoos-tasku\/"]}]},{"@type":"ImageObject","inLanguage":"en-US","@id":"https:\/\/nahastkasitoo.ee\/tooted\/nahast-must-prillitoos-tasku\/#primaryimage","url":"https:\/\/i0.wp.com\/www.nahastkasitoo.ee\/wp-content\/uploads\/2022\/10\/inbound7214060595251402431-scaled-e1666073570509.jpg?fit=550%2C550&ssl=1","contentUrl":"https:\/\/i0.wp.com\/www.nahastkasitoo.ee\/wp-content\/uploads\/2022\/10\/inbound7214060595251402431-scaled-e1666073570509.jpg?fit=550%2C550&ssl=1","width":550,"height":550,"caption":"nahastkasitoo.ee nahast must prillitoos\/tasku_esik\u00fclg"},{"@type":"BreadcrumbList","@id":"https:\/\/nahastkasitoo.ee\/tooted\/nahast-must-prillitoos-tasku\/#breadcrumb","itemListElement":[{"@type":"ListItem","position":1,"name":"Home","item":"https:\/\/nahastkasitoo.ee\/"},{"@type":"ListItem","position":2,"name":"Tooted","item":"https:\/\/nahastkasitoo.ee\/en\/tooted-kaye-leather-goods\/"},{"@type":"ListItem","position":3,"name":"Nahast must prillitoos\/tasku_T\u00f5ld"}]},{"@type":"WebSite","@id":"https:\/\/nahastkasitoo.ee\/#website","url":"https:\/\/nahastkasitoo.ee\/","name":"Kaye Leather Goods","description":"Eestimaine nahastk\u00e4sit\u00f6\u00f6","publisher":{"@id":"https:\/\/nahastkasitoo.ee\/#organization"},"potentialAction":[{"@type":"SearchAction","target":{"@type":"EntryPoint","urlTemplate":"https:\/\/nahastkasitoo.ee\/?s={search_term_string}"},"query-input":{"@type":"PropertyValueSpecification","valueRequired":true,"valueName":"search_term_string"}}],"inLanguage":"en-US"},{"@type":"Organization","@id":"https:\/\/nahastkasitoo.ee\/#organization","name":"Nahast k\u00e4sit\u00f6\u00f6","url":"https:\/\/nahastkasitoo.ee\/","logo":{"@type":"ImageObject","inLanguage":"en-US","@id":"https:\/\/nahastkasitoo.ee\/#\/schema\/logo\/image\/","url":"https:\/\/i0.wp.com\/nahastkasitoo.ee\/wp-content\/uploads\/2020\/06\/KayeLeatherGoods-poe-logo-labipaistev.png?fit=1500%2C1500&ssl=1","contentUrl":"https:\/\/i0.wp.com\/nahastkasitoo.ee\/wp-content\/uploads\/2020\/06\/KayeLeatherGoods-poe-logo-labipaistev.png?fit=1500%2C1500&ssl=1","width":1500,"height":1500,"caption":"Nahast k\u00e4sit\u00f6\u00f6"},"image":{"@id":"https:\/\/nahastkasitoo.ee\/#\/schema\/logo\/image\/"}}]}},"jetpack_sharing_enabled":true,"_links":{"self":[{"href":"https:\/\/www.nahastkasitoo.ee\/en\/wp-json\/wp\/v2\/product\/14506","targetHints":{"allow":["GET"]}}],"collection":[{"href":"https:\/\/www.nahastkasitoo.ee\/en\/wp-json\/wp\/v2\/product"}],"about":[{"href":"https:\/\/www.nahastkasitoo.ee\/en\/wp-json\/wp\/v2\/types\/product"}],"replies":[{"embeddable":true,"href":"https:\/\/www.nahastkasitoo.ee\/en\/wp-json\/wp\/v2\/comments?post=14506"}],"wp:featuredmedia":[{"embeddable":true,"href":"https:\/\/www.nahastkasitoo.ee\/en\/wp-json\/wp\/v2\/media\/14492"}],"wp:attachment":[{"href":"https:\/\/www.nahastkasitoo.ee\/en\/wp-json\/wp\/v2\/media?parent=14506"}],"wp:term":[{"taxonomy":"product_brand","embeddable":true,"href":"https:\/\/www.nahastkasitoo.ee\/en\/wp-json\/wp\/v2\/product_brand?post=14506"},{"taxonomy":"product_cat","embeddable":true,"href":"https:\/\/www.nahastkasitoo.ee\/en\/wp-json\/wp\/v2\/product_cat?post=14506"},{"taxonomy":"product_tag","embeddable":true,"href":"https:\/\/www.nahastkasitoo.ee\/en\/wp-json\/wp\/v2\/product_tag?post=14506"}],"curies":[{"name":"wp","href":"https:\/\/api.w.org\/{rel}","templated":true}]}}