{"id":15274,"date":"2024-03-25T17:45:13","date_gmt":"2024-03-25T17:45:13","guid":{"rendered":"https:\/\/nahastkasitoo.ee\/?post_type=product&#038;p=15274"},"modified":"2025-10-06T19:05:19","modified_gmt":"2025-10-06T19:05:19","slug":"nahast-markmeraamat-lossipreili","status":"publish","type":"product","link":"https:\/\/www.nahastkasitoo.ee\/en\/tooted\/nahast-markmeraamat-lossipreili\/","title":{"rendered":"Nahast m\u00e4rkmeraamat _Lossipreili_"},"content":{"rendered":"<p>Nahast m\u00e4rkmeraamat _Lossipreili_<\/p>\n<div>\n<p class=\"v2MsoNormal\">Kaaned on valmistatud taimparknahast, mis on v\u00e4rvitud k\u00e4sitsi<br \/>\nveep\u00f5histe v\u00e4rvidega ning kaitstud spetsiaalse mesilasvahast lakiga.<\/p>\n<p class=\"v2MsoNormal\">Kuna tegemist on ehtsa nahaga, v\u00f5ib selle pinnal<br \/>\nesineda looduslikke t\u00e4kkeid v\u00f5i kriimustusi, mis ei m\u00f5juta toodete<br \/>\nhead kvaliteeti, pigem muudavad need ise\u00e4rasused tooted ainulaadseks<br \/>\nja kordumatuks.<\/p>\n<\/div>\n<div><\/div>\n<div>\n<p class=\"v2MsoNormal\">Nahast m\u00e4rkmikud on k\u00f6idetud nahast n\u00f6\u00f6ridega, mis on v\u00e4rvitud, lakitud ja<br \/>\nl\u00f5igatud k\u00e4sitsi.<\/p>\n<p class=\"v2MsoNormal\">M\u00e4rkmeraamat sisaldab nelja paberiplokki, millest esimene ja viimane plokk on<br \/>\nkaetud dekoratiivpaberiga, mis on Nepaali p\u00e4ritolu ja samuti k\u00e4sit\u00f6\u00f6.<\/p>\n<p class=\"v2MsoNormal\">Kokku on kaante vahel 112 lehte ehk 224 lehek\u00fclge, mis on k\u00e4sitsi m\u00f5\u00f5tu rebitud.<br \/>\nPaber, mis valmistatud ka k\u00e4sit\u00f6\u00f6na, sobib erinevatele kirjutusvahenditele lisaks veel<br \/>\npliiatsi, s\u00f6e, pastelli ja kriidiga joonistamiseks ning vastab pikaajaliseks s\u00e4ilitamiseks<br \/>\nesitatavatele n\u00f5uetele.<\/p>\n<p class=\"v2MsoNormal\"><b>PS.<\/b>\u00a0Toodete v\u00e4rv v\u00f5ib natuke erineda ekraanikuvade ise\u00e4rasuste t\u00f5ttu.<\/p>\n<\/div>\n<div class=\"woocommerce-tabs wc-tabs-wrapper d-inline-block pix-mt-50 w-100\">\n<div class=\"tab-content mb-5\">\n<div id=\"pills-description\" class=\"tab-pane w-100 fade show active \" role=\"tabpanel\" aria-labelledby=\"pills-title-description\">\n<div><\/div>\n<div>\n<p class=\"v2MsoNormal\">\n<\/div>\n<\/div>\n<\/div>\n<\/div>\n<p>&nbsp;<\/p>\n","protected":false},"excerpt":{"rendered":"<p>Eksklusiivne nahast m\u00e4rkmik\/p\u00e4evik on t\u00e4helepanuv\u00e4\u00e4rne ja ajatu kingitus igaks t\u00e4htp\u00e4evaks.<br \/>\nSisu rikastamiseks sobivad m\u00e4rkmeraamatu m\u00f5\u00f5dud h\u00e4sti ka fotodele kuni 10x15cm.<\/p>\n","protected":false},"featured_media":15315,"comment_status":"open","ping_status":"closed","template":"","meta":[],"product_brand":[],"product_cat":[29],"product_tag":[47,46,41,40,45],"class_list":{"0":"post-15274","1":"product","2":"type-product","3":"status-publish","4":"has-post-thumbnail","6":"product_cat-markmeraamatud","7":"product_tag-markmeraamat","8":"product_tag-markmik","9":"product_tag-eesti-kasitoo","10":"product_tag-nahast-kaaned","11":"product_tag-paevik","13":"first","14":"outofstock","15":"sold-individually","16":"taxable","17":"shipping-taxable","18":"product-type-simple"},"yoast_head":"<!-- This site is optimized with the Yoast SEO plugin v27.5 - https:\/\/yoast.com\/product\/yoast-seo-wordpress\/ -->\n<title>Nahast m\u00e4rkmeraamat _Lossipreili_<\/title>\n<meta name=\"description\" content=\"Nahast m\u00e4rkmeraamat _Lossipreili_. Eesti k\u00e4sit\u00f6\u00f6 eestimaisest taimparknahast. Eksklusiivsed nahast tooted. V\u00f5imalikud eritellimused. Vaata poodi!\" \/>\n<meta name=\"robots\" content=\"index, follow, max-snippet:-1, max-image-preview:large, max-video-preview:-1\" \/>\n<link rel=\"canonical\" href=\"https:\/\/nahastkasitoo.ee\/tooted\/nahast-lilla-markmik-paevik\/\" \/>\n<meta property=\"og:locale\" content=\"en_US\" \/>\n<meta property=\"og:locale:alternate\" content=\"et\" \/>\n<meta property=\"og:type\" content=\"article\" \/>\n<meta property=\"og:title\" content=\"Nahast m\u00e4rkmeraamat _Lossipreili_\" \/>\n<meta property=\"og:description\" content=\"Nahast m\u00e4rkmeraamat _Lossipreili_. Eesti k\u00e4sit\u00f6\u00f6 eestimaisest taimparknahast. Eksklusiivsed nahast tooted. V\u00f5imalikud eritellimused. Vaata poodi!\" \/>\n<meta property=\"og:url\" content=\"https:\/\/www.nahastkasitoo.ee\/en\/tooted\/nahast-markmeraamat-lossipreili\/\" \/>\n<meta property=\"og:site_name\" content=\"Kaye Leather Goods\" \/>\n<meta property=\"article:modified_time\" content=\"2025-10-06T19:05:19+00:00\" \/>\n<meta property=\"og:image\" content=\"https:\/\/i0.wp.com\/nahastkasitoo.ee\/wp-content\/uploads\/2024\/04\/inbound7385009419907137975-scaled.jpg?fit=2560%2C2560&ssl=1\" \/>\n\t<meta property=\"og:image:width\" content=\"2560\" \/>\n\t<meta property=\"og:image:height\" content=\"2560\" \/>\n\t<meta property=\"og:image:type\" content=\"image\/jpeg\" \/>\n<meta name=\"twitter:card\" content=\"summary_large_image\" \/>\n<meta name=\"twitter:label1\" content=\"Est. reading time\" \/>\n\t<meta name=\"twitter:data1\" content=\"1 minute\" \/>\n<script type=\"application\/ld+json\" class=\"yoast-schema-graph\">{\"@context\":\"https:\\\/\\\/schema.org\",\"@graph\":[{\"@type\":\"WebPage\",\"@id\":\"https:\\\/\\\/nahastkasitoo.ee\\\/tooted\\\/nahast-markmeraamat-lossipreili\\\/\",\"url\":\"https:\\\/\\\/nahastkasitoo.ee\\\/tooted\\\/nahast-lilla-markmik-paevik\\\/\",\"name\":\"Nahast m\u00e4rkmeraamat _Lossipreili_\",\"isPartOf\":{\"@id\":\"https:\\\/\\\/nahastkasitoo.ee\\\/#website\"},\"primaryImageOfPage\":{\"@id\":\"https:\\\/\\\/nahastkasitoo.ee\\\/tooted\\\/nahast-lilla-markmik-paevik\\\/#primaryimage\"},\"image\":{\"@id\":\"https:\\\/\\\/nahastkasitoo.ee\\\/tooted\\\/nahast-lilla-markmik-paevik\\\/#primaryimage\"},\"thumbnailUrl\":\"https:\\\/\\\/i0.wp.com\\\/www.nahastkasitoo.ee\\\/wp-content\\\/uploads\\\/2024\\\/04\\\/inbound7385009419907137975-scaled.jpg?fit=2560%2C2560&ssl=1\",\"datePublished\":\"2024-03-25T17:45:13+00:00\",\"dateModified\":\"2025-10-06T19:05:19+00:00\",\"description\":\"Nahast m\u00e4rkmeraamat _Lossipreili_. Eesti k\u00e4sit\u00f6\u00f6 eestimaisest taimparknahast. Eksklusiivsed nahast tooted. V\u00f5imalikud eritellimused. Vaata poodi!\",\"breadcrumb\":{\"@id\":\"https:\\\/\\\/nahastkasitoo.ee\\\/tooted\\\/nahast-lilla-markmik-paevik\\\/#breadcrumb\"},\"inLanguage\":\"en-US\",\"potentialAction\":[{\"@type\":\"ReadAction\",\"target\":[\"https:\\\/\\\/nahastkasitoo.ee\\\/tooted\\\/nahast-lilla-markmik-paevik\\\/\"]}]},{\"@type\":\"ImageObject\",\"inLanguage\":\"en-US\",\"@id\":\"https:\\\/\\\/nahastkasitoo.ee\\\/tooted\\\/nahast-lilla-markmik-paevik\\\/#primaryimage\",\"url\":\"https:\\\/\\\/i0.wp.com\\\/www.nahastkasitoo.ee\\\/wp-content\\\/uploads\\\/2024\\\/04\\\/inbound7385009419907137975-scaled.jpg?fit=2560%2C2560&ssl=1\",\"contentUrl\":\"https:\\\/\\\/i0.wp.com\\\/www.nahastkasitoo.ee\\\/wp-content\\\/uploads\\\/2024\\\/04\\\/inbound7385009419907137975-scaled.jpg?fit=2560%2C2560&ssl=1\",\"width\":2560,\"height\":2560,\"caption\":\"nahastkasitoo.ee nahast m\u00e4rkmeraamat lossipreili punane\"},{\"@type\":\"BreadcrumbList\",\"@id\":\"https:\\\/\\\/nahastkasitoo.ee\\\/tooted\\\/nahast-lilla-markmik-paevik\\\/#breadcrumb\",\"itemListElement\":[{\"@type\":\"ListItem\",\"position\":1,\"name\":\"Home\",\"item\":\"https:\\\/\\\/nahastkasitoo.ee\\\/\"},{\"@type\":\"ListItem\",\"position\":2,\"name\":\"Tooted\",\"item\":\"https:\\\/\\\/nahastkasitoo.ee\\\/en\\\/tooted-kaye-leather-goods\\\/\"},{\"@type\":\"ListItem\",\"position\":3,\"name\":\"Nahast m\u00e4rkmeraamat _Lossipreili_\"}]},{\"@type\":\"WebSite\",\"@id\":\"https:\\\/\\\/nahastkasitoo.ee\\\/#website\",\"url\":\"https:\\\/\\\/nahastkasitoo.ee\\\/\",\"name\":\"Kaye Leather Goods\",\"description\":\"Eestimaine nahastk\u00e4sit\u00f6\u00f6\",\"publisher\":{\"@id\":\"https:\\\/\\\/nahastkasitoo.ee\\\/#organization\"},\"potentialAction\":[{\"@type\":\"SearchAction\",\"target\":{\"@type\":\"EntryPoint\",\"urlTemplate\":\"https:\\\/\\\/nahastkasitoo.ee\\\/?s={search_term_string}\"},\"query-input\":{\"@type\":\"PropertyValueSpecification\",\"valueRequired\":true,\"valueName\":\"search_term_string\"}}],\"inLanguage\":\"en-US\"},{\"@type\":\"Organization\",\"@id\":\"https:\\\/\\\/nahastkasitoo.ee\\\/#organization\",\"name\":\"Nahast k\u00e4sit\u00f6\u00f6\",\"url\":\"https:\\\/\\\/nahastkasitoo.ee\\\/\",\"logo\":{\"@type\":\"ImageObject\",\"inLanguage\":\"en-US\",\"@id\":\"https:\\\/\\\/nahastkasitoo.ee\\\/#\\\/schema\\\/logo\\\/image\\\/\",\"url\":\"https:\\\/\\\/i0.wp.com\\\/nahastkasitoo.ee\\\/wp-content\\\/uploads\\\/2020\\\/06\\\/KayeLeatherGoods-poe-logo-labipaistev.png?fit=1500%2C1500&ssl=1\",\"contentUrl\":\"https:\\\/\\\/i0.wp.com\\\/nahastkasitoo.ee\\\/wp-content\\\/uploads\\\/2020\\\/06\\\/KayeLeatherGoods-poe-logo-labipaistev.png?fit=1500%2C1500&ssl=1\",\"width\":1500,\"height\":1500,\"caption\":\"Nahast k\u00e4sit\u00f6\u00f6\"},\"image\":{\"@id\":\"https:\\\/\\\/nahastkasitoo.ee\\\/#\\\/schema\\\/logo\\\/image\\\/\"}}]}<\/script>\n<!-- \/ Yoast SEO plugin. -->","yoast_head_json":{"title":"Nahast m\u00e4rkmeraamat _Lossipreili_","description":"Nahast m\u00e4rkmeraamat _Lossipreili_. Eesti k\u00e4sit\u00f6\u00f6 eestimaisest taimparknahast. Eksklusiivsed nahast tooted. V\u00f5imalikud eritellimused. Vaata poodi!","robots":{"index":"index","follow":"follow","max-snippet":"max-snippet:-1","max-image-preview":"max-image-preview:large","max-video-preview":"max-video-preview:-1"},"canonical":"https:\/\/nahastkasitoo.ee\/tooted\/nahast-lilla-markmik-paevik\/","og_locale":"en_US","og_type":"article","og_title":"[:et]Nahast m\u00e4rkmeraamat _Lossipreili_[:] - Kaye Leather Goods","og_description":"Nahast m\u00e4rkmeraamat _Lossipreili_. Eesti k\u00e4sit\u00f6\u00f6 eestimaisest taimparknahast. Eksklusiivsed nahast tooted. V\u00f5imalikud eritellimused. Vaata poodi!","og_url":"https:\/\/www.nahastkasitoo.ee\/en\/tooted\/nahast-markmeraamat-lossipreili\/","og_site_name":"Kaye Leather Goods","article_modified_time":"2025-10-06T19:05:19+00:00","og_image":[{"width":2560,"height":2560,"url":"https:\/\/i0.wp.com\/nahastkasitoo.ee\/wp-content\/uploads\/2024\/04\/inbound7385009419907137975-scaled.jpg?fit=2560%2C2560&ssl=1","type":"image\/jpeg"}],"twitter_card":"summary_large_image","twitter_misc":{"Est. reading time":"1 minute"},"schema":{"@context":"https:\/\/schema.org","@graph":[{"@type":"WebPage","@id":"https:\/\/nahastkasitoo.ee\/tooted\/nahast-markmeraamat-lossipreili\/","url":"https:\/\/nahastkasitoo.ee\/tooted\/nahast-lilla-markmik-paevik\/","name":"Nahast m\u00e4rkmeraamat _Lossipreili_","isPartOf":{"@id":"https:\/\/nahastkasitoo.ee\/#website"},"primaryImageOfPage":{"@id":"https:\/\/nahastkasitoo.ee\/tooted\/nahast-lilla-markmik-paevik\/#primaryimage"},"image":{"@id":"https:\/\/nahastkasitoo.ee\/tooted\/nahast-lilla-markmik-paevik\/#primaryimage"},"thumbnailUrl":"https:\/\/i0.wp.com\/www.nahastkasitoo.ee\/wp-content\/uploads\/2024\/04\/inbound7385009419907137975-scaled.jpg?fit=2560%2C2560&ssl=1","datePublished":"2024-03-25T17:45:13+00:00","dateModified":"2025-10-06T19:05:19+00:00","description":"Nahast m\u00e4rkmeraamat _Lossipreili_. Eesti k\u00e4sit\u00f6\u00f6 eestimaisest taimparknahast. Eksklusiivsed nahast tooted. V\u00f5imalikud eritellimused. Vaata poodi!","breadcrumb":{"@id":"https:\/\/nahastkasitoo.ee\/tooted\/nahast-lilla-markmik-paevik\/#breadcrumb"},"inLanguage":"en-US","potentialAction":[{"@type":"ReadAction","target":["https:\/\/nahastkasitoo.ee\/tooted\/nahast-lilla-markmik-paevik\/"]}]},{"@type":"ImageObject","inLanguage":"en-US","@id":"https:\/\/nahastkasitoo.ee\/tooted\/nahast-lilla-markmik-paevik\/#primaryimage","url":"https:\/\/i0.wp.com\/www.nahastkasitoo.ee\/wp-content\/uploads\/2024\/04\/inbound7385009419907137975-scaled.jpg?fit=2560%2C2560&ssl=1","contentUrl":"https:\/\/i0.wp.com\/www.nahastkasitoo.ee\/wp-content\/uploads\/2024\/04\/inbound7385009419907137975-scaled.jpg?fit=2560%2C2560&ssl=1","width":2560,"height":2560,"caption":"nahastkasitoo.ee nahast m\u00e4rkmeraamat lossipreili punane"},{"@type":"BreadcrumbList","@id":"https:\/\/nahastkasitoo.ee\/tooted\/nahast-lilla-markmik-paevik\/#breadcrumb","itemListElement":[{"@type":"ListItem","position":1,"name":"Home","item":"https:\/\/nahastkasitoo.ee\/"},{"@type":"ListItem","position":2,"name":"Tooted","item":"https:\/\/nahastkasitoo.ee\/en\/tooted-kaye-leather-goods\/"},{"@type":"ListItem","position":3,"name":"Nahast m\u00e4rkmeraamat _Lossipreili_"}]},{"@type":"WebSite","@id":"https:\/\/nahastkasitoo.ee\/#website","url":"https:\/\/nahastkasitoo.ee\/","name":"Kaye Leather Goods","description":"Eestimaine nahastk\u00e4sit\u00f6\u00f6","publisher":{"@id":"https:\/\/nahastkasitoo.ee\/#organization"},"potentialAction":[{"@type":"SearchAction","target":{"@type":"EntryPoint","urlTemplate":"https:\/\/nahastkasitoo.ee\/?s={search_term_string}"},"query-input":{"@type":"PropertyValueSpecification","valueRequired":true,"valueName":"search_term_string"}}],"inLanguage":"en-US"},{"@type":"Organization","@id":"https:\/\/nahastkasitoo.ee\/#organization","name":"Nahast k\u00e4sit\u00f6\u00f6","url":"https:\/\/nahastkasitoo.ee\/","logo":{"@type":"ImageObject","inLanguage":"en-US","@id":"https:\/\/nahastkasitoo.ee\/#\/schema\/logo\/image\/","url":"https:\/\/i0.wp.com\/nahastkasitoo.ee\/wp-content\/uploads\/2020\/06\/KayeLeatherGoods-poe-logo-labipaistev.png?fit=1500%2C1500&ssl=1","contentUrl":"https:\/\/i0.wp.com\/nahastkasitoo.ee\/wp-content\/uploads\/2020\/06\/KayeLeatherGoods-poe-logo-labipaistev.png?fit=1500%2C1500&ssl=1","width":1500,"height":1500,"caption":"Nahast k\u00e4sit\u00f6\u00f6"},"image":{"@id":"https:\/\/nahastkasitoo.ee\/#\/schema\/logo\/image\/"}}]}},"jetpack_sharing_enabled":true,"_links":{"self":[{"href":"https:\/\/www.nahastkasitoo.ee\/en\/wp-json\/wp\/v2\/product\/15274","targetHints":{"allow":["GET"]}}],"collection":[{"href":"https:\/\/www.nahastkasitoo.ee\/en\/wp-json\/wp\/v2\/product"}],"about":[{"href":"https:\/\/www.nahastkasitoo.ee\/en\/wp-json\/wp\/v2\/types\/product"}],"replies":[{"embeddable":true,"href":"https:\/\/www.nahastkasitoo.ee\/en\/wp-json\/wp\/v2\/comments?post=15274"}],"wp:featuredmedia":[{"embeddable":true,"href":"https:\/\/www.nahastkasitoo.ee\/en\/wp-json\/wp\/v2\/media\/15315"}],"wp:attachment":[{"href":"https:\/\/www.nahastkasitoo.ee\/en\/wp-json\/wp\/v2\/media?parent=15274"}],"wp:term":[{"taxonomy":"product_brand","embeddable":true,"href":"https:\/\/www.nahastkasitoo.ee\/en\/wp-json\/wp\/v2\/product_brand?post=15274"},{"taxonomy":"product_cat","embeddable":true,"href":"https:\/\/www.nahastkasitoo.ee\/en\/wp-json\/wp\/v2\/product_cat?post=15274"},{"taxonomy":"product_tag","embeddable":true,"href":"https:\/\/www.nahastkasitoo.ee\/en\/wp-json\/wp\/v2\/product_tag?post=15274"}],"curies":[{"name":"wp","href":"https:\/\/api.w.org\/{rel}","templated":true}]}}